{"id":1049,"date":"2024-11-12T14:43:25","date_gmt":"2024-11-12T12:43:25","guid":{"rendered":"https:\/\/oblakasalon.lt\/instant-glow\/"},"modified":"2025-08-22T12:29:23","modified_gmt":"2025-08-22T09:29:23","slug":"instant-glow","status":"publish","type":"page","link":"https:\/\/oblakasalon.lt\/ru\/kosmetologiya\/instant-glow\/","title":{"rendered":"Instant Glow"},"content":{"rendered":"\n<div class=\"wp-block-group bg-gradient-primary has-global-padding is-layout-constrained wp-block-group-is-layout-constrained has-background\" style=\"padding-top:60px;padding-bottom:60px;background-image:url(&apos;https:\/\/oblakasalon.lt\/wp-content\/uploads\/2024\/10\/home-slider.png&apos;);background-position:50% 0;background-size:cover;\">\n<div class=\"wp-block-columns is-layout-flex wp-container-core-columns-is-layout-28f84493 wp-block-columns-is-layout-flex\">\n<div class=\"wp-block-column has-white-color has-text-color has-link-color wp-elements-8cb707dd64d28624ad73e4853c87868d is-layout-flow wp-block-column-is-layout-flow\"><h1 class=\"has-link-color wp-elements-88f0857fdc8bad98dfdc5c16977574b2 wp-block-post-title has-text-color has-white-color\">Instant Glow<\/h1>\n\n\n<p style=\"font-size:30px;font-style:normal;font-weight:300\">\u041c\u044b \u0434\u0435\u0439\u0441\u0442\u0432\u0438\u0442\u0435\u043b\u044c\u043d\u043e \u043e\u043f\u0440\u0430\u0432\u0434\u044b\u0432\u0430\u0435\u043c \u043e\u0436\u0438\u0434\u0430\u043d\u0438\u044f<\/p>\n\n\n\n<div class=\"wp-block-buttons is-layout-flex wp-block-buttons-is-layout-flex\" style=\"margin-top:50px\">\n<div class=\"wp-block-button amelia-popup\"><a class=\"wp-block-button__link has-custom-primary-1-color has-white-background-color has-text-color has-background has-link-color wp-element-button\">\u0420\u0435\u0433\u0438\u0441\u0442\u0440\u0430\u0446\u0438\u044f<\/a><\/div>\n<\/div>\n<\/div>\n\n\n\n<div class=\"wp-block-column is-layout-flow wp-block-column-is-layout-flow\"><\/div>\n<\/div>\n<\/div>\n\n<div class=\"wp-block-group has-global-padding is-layout-constrained wp-container-core-group-is-layout-2413c7d2 wp-block-group-is-layout-constrained\" style=\"margin-bottom:60px;padding-right:var(--wp--preset--spacing--40);padding-left:var(--wp--preset--spacing--40)\">\n<div class=\"wp-block-group is-layout-flow wp-block-group-is-layout-flow\">\n<h2 class=\"wp-block-heading has-text-align-center\">\u041f\u0438\u043b\u0438\u043d\u0433 \u043b\u0438\u0446\u0430 \u0441 \u043c\u0438\u043d\u0435\u0440\u0430\u043b\u044c\u043d\u043e\u0439 \u043c\u0430\u0441\u043a\u043e\u0439<\/h2>\n\n\n\n<p>\u041f\u0440\u043e\u0446\u0435\u0434\u0443\u0440\u0430 \u043f\u0440\u0438\u0434\u0430\u0435\u0442 \u0441\u0438\u044f\u043d\u0438\u0435 \u0438\u0437\u043d\u0443\u0442\u0440\u0438, \u043e\u0434\u043d\u043e\u0432\u0440\u0435\u043c\u0435\u043d\u043d\u043e \u043e\u0447\u0438\u0449\u0430\u0435\u0442 \u043f\u043e\u0432\u0435\u0440\u0445\u043d\u043e\u0441\u0442\u044c \u0438 \u0434\u0435\u043b\u0430\u0435\u0442 \u043b\u0438\u0446\u043e \u044f\u0440\u0447\u0435. \u041f\u043e\u0434\u0445\u043e\u0434\u0438\u0442 \u0434\u043b\u044f \u0432\u0441\u0435\u0445 \u0442\u0438\u043f\u043e\u0432 \u043a\u043e\u0436\u0438. <\/p>\n\n\n\n<ul class=\"wp-block-list\">\n<li>\u0440\u0430\u0437\u0433\u043b\u0430\u0436\u0438\u0432\u0430\u043d\u0438\u0435 \u0438 \u043e\u0442\u0448\u0435\u043b\u0443\u0448\u0438\u0432\u0430\u043d\u0438\u0435 \u043a\u043e\u0436\u0438;<\/li>\n\n\n\n<li>\u0431\u043e\u0440\u0435\u0442\u0441\u044f \u0441 \u043f\u0440\u0438\u0437\u043d\u0430\u043a\u0430\u043c\u0438 \u0441\u0442\u0430\u0440\u0435\u043d\u0438\u044f<\/li>\n\n\n\n<li>\u0443\u043b\u0443\u0447\u0448\u0430\u0435\u0442 \u0441\u043e\u0441\u0442\u043e\u044f\u043d\u0438\u0435 \u043a\u043e\u0436\u0438 \u043f\u0440\u0438 \u0430\u043a\u043d\u0435, \u0432\u043e\u0441\u043f\u0430\u043b\u0435\u043d\u0438\u044f\u0445;<\/li>\n\n\n\n<li>\u0440\u0435\u0433\u0435\u043d\u0435\u0440\u0430\u0446\u0438\u044f \u043a\u043e\u0436\u0438<\/li>\n\n\n\n<li>\u043e\u043c\u0435\u0440\u0442\u0432\u0435\u0432\u0448\u0438\u0435 \u043a\u043b\u0435\u0442\u043a\u0438 \u043a\u043e\u0436\u0438 \u0443\u0434\u0430\u043b\u044f\u044e\u0442\u0441\u044f<\/li>\n<\/ul>\n\n\n\n<p>\u0412 \u043f\u0440\u043e\u0446\u0435\u0434\u0443\u0440\u0443 \u0442\u0430\u043a\u0436\u0435 \u0432\u0445\u043e\u0434\u0438\u0442 \u0425\u0438\u043c\u0438\u0447\u0435\u0441\u043a\u0438\u0439 \u043f\u0438\u043b\u0438\u043d\u0433 \u0411\u0438\u043e\u0444\u043e\u0440\u043c\u0443\u043b\u0430 \u00ab\u041f\u0438\u043b \u041c\u0438\u043a\u0441\u00bb (\u0441\u0430\u043b\u0438\u0446\u0438\u043b\u043e\u0432\u0430\u044f, \u043f\u0438\u0440\u043e\u0432\u0438\u043d\u043e\u0433\u0440\u0430\u0434\u043d\u0430\u044f \u0438 \u043c\u0438\u043d\u0434\u0430\u043b\u044c\u043d\u0430\u044f \u043a\u0438\u0441\u043b\u043e\u0442\u044b) \u0438 \u041c\u0418\u041d\u0415\u0420\u0410\u041b\u042c\u041d\u0410\u042f \u041c\u0410\u0421\u041a\u0410.<\/p>\n<\/div>\n\n\n\n<div class=\"wp-block-group has-global-padding is-layout-constrained wp-block-group-is-layout-constrained\">\n<div class=\"wp-block-columns is-layout-flex wp-container-core-columns-is-layout-28f84493 wp-block-columns-is-layout-flex\">\n<div class=\"wp-block-column is-layout-flow wp-block-column-is-layout-flow\">\n<h4 class=\"wp-block-heading\">\u041d\u0430\u0448\u0438 \u0443\u0441\u043b\u0443\u0433\u0438<\/h4>\n\n\n\n<figure data-wp-context=\"{&quot;imageId&quot;:&quot;6a06f13d53419&quot;}\" data-wp-interactive=\"core\/image\" data-wp-key=\"6a06f13d53419\" class=\"wp-block-image size-full has-custom-border wp-lightbox-container\"><img loading=\"lazy\" decoding=\"async\" width=\"700\" height=\"700\" data-wp-class--hide=\"state.isContentHidden\" data-wp-class--show=\"state.isContentVisible\" data-wp-init=\"callbacks.setButtonStyles\" data-wp-on--click=\"actions.showLightbox\" data-wp-on--load=\"callbacks.setButtonStyles\" data-wp-on-window--resize=\"callbacks.setButtonStyles\" src=\"https:\/\/oblakasalon.lt\/wp-content\/uploads\/2024\/11\/instant-glow.jpg\" alt=\"\" class=\"wp-image-751\" style=\"border-radius:8px\" srcset=\"https:\/\/oblakasalon.lt\/wp-content\/uploads\/2024\/11\/instant-glow.jpg 700w, https:\/\/oblakasalon.lt\/wp-content\/uploads\/2024\/11\/instant-glow-300x300.jpg 300w, https:\/\/oblakasalon.lt\/wp-content\/uploads\/2024\/11\/instant-glow-150x150.jpg 150w\" sizes=\"auto, (max-width: 700px) 100vw, 700px\" \/><button\n\t\t\tclass=\"lightbox-trigger\"\n\t\t\ttype=\"button\"\n\t\t\taria-haspopup=\"dialog\"\n\t\t\taria-label=\"\u0423\u0432\u0435\u043b\u0438\u0447\u0438\u0442\u044c\"\n\t\t\tdata-wp-init=\"callbacks.initTriggerButton\"\n\t\t\tdata-wp-on--click=\"actions.showLightbox\"\n\t\t\tdata-wp-style--right=\"state.imageButtonRight\"\n\t\t\tdata-wp-style--top=\"state.imageButtonTop\"\n\t\t>\n\t\t\t<svg xmlns=\"http:\/\/www.w3.org\/2000\/svg\" width=\"12\" height=\"12\" fill=\"none\" viewBox=\"0 0 12 12\">\n\t\t\t\t<path fill=\"#fff\" d=\"M2 0a2 2 0 0 0-2 2v2h1.5V2a.5.5 0 0 1 .5-.5h2V0H2Zm2 10.5H2a.5.5 0 0 1-.5-.5V8H0v2a2 2 0 0 0 2 2h2v-1.5ZM8 12v-1.5h2a.5.5 0 0 0 .5-.5V8H12v2a2 2 0 0 1-2 2H8Zm2-12a2 2 0 0 1 2 2v2h-1.5V2a.5.5 0 0 0-.5-.5H8V0h2Z\" \/>\n\t\t\t<\/svg>\n\t\t<\/button><\/figure>\n<\/div>\n\n\n\n<div class=\"wp-block-column is-layout-flow wp-block-column-is-layout-flow\">\n<h4 class=\"wp-block-heading\">\u0417\u0430\u043f\u0438\u0448\u0438\u0442\u0435\u0441\u044c \u043d\u0430 \u043d\u0443\u0436\u043d\u0443\u044e \u0432\u0430\u043c \u043f\u0440\u043e\u0446\u0435\u0434\u0443\u0440\u0443<\/h4>\n\n\n\n<script>\n  if (typeof hasAmeliaEntitiesApiCall === 'undefined' && ('' === '' && '' !== '1')) {\n    var hasAmeliaEntitiesApiCall = true;\n  }\n  var ameliaShortcodeData = (typeof ameliaShortcodeData === 'undefined') ? [] : ameliaShortcodeData;\n  ameliaShortcodeData.push(\n    {\n      'hasApiCall': (typeof hasAmeliaEntitiesApiCall !== 'undefined') && hasAmeliaEntitiesApiCall,\n      'trigger': '',\n      'trigger_type': '',\n      'triggered_form': 'sbsNew',\n      'in_dialog': '',\n      'show': '',\n      'counter': '1000',\n      'category': '52',\n      'service': '',\n      'employee': '',\n      'location': '',\n      'package': '',\n      'layout': '',\n    }\n  );\n\n  var ameliaShortcodeDataTriggered = (typeof ameliaShortcodeDataTriggered === 'undefined') ? [] : ameliaShortcodeDataTriggered;\n  if (ameliaShortcodeData[ameliaShortcodeData.length - 1].trigger !== '') {\n    if (ameliaShortcodeDataTriggered.filter(a => a.counter === ameliaShortcodeData[ameliaShortcodeData.length - 1].counter).length === 0) {\n      ameliaShortcodeDataTriggered.push(ameliaShortcodeData.pop());\n    } else {\n      ameliaShortcodeData.pop()\n    }\n  }\n  if (typeof hasAmeliaEntitiesApiCall !== 'undefined' && hasAmeliaEntitiesApiCall) {\n    hasAmeliaEntitiesApiCall = false;\n  }\n<\/script>\n\n<div\n  id=\"amelia-v2-booking-1000\"\n  class=\"amelia-v2-booking\"\n >\n    <step-form-wrapper><\/step-form-wrapper><\/div>\n\n\n\n<script>\n  if (typeof hasAmeliaEntitiesApiCall === 'undefined' && ('amelia-popup' === '' && '1' !== '1')) {\n    var hasAmeliaEntitiesApiCall = true;\n  }\n  var ameliaShortcodeData = (typeof ameliaShortcodeData === 'undefined') ? [] : ameliaShortcodeData;\n  ameliaShortcodeData.push(\n    {\n      'hasApiCall': (typeof hasAmeliaEntitiesApiCall !== 'undefined') && hasAmeliaEntitiesApiCall,\n      'trigger': 'amelia-popup',\n      'trigger_type': 'class',\n      'triggered_form': 'sbsNew',\n      'in_dialog': '1',\n      'show': '',\n      'counter': '1001',\n      'category': '52',\n      'service': '',\n      'employee': '',\n      'location': '',\n      'package': '',\n      'layout': '',\n    }\n  );\n\n  var ameliaShortcodeDataTriggered = (typeof ameliaShortcodeDataTriggered === 'undefined') ? [] : ameliaShortcodeDataTriggered;\n  if (ameliaShortcodeData[ameliaShortcodeData.length - 1].trigger !== '') {\n    if (ameliaShortcodeDataTriggered.filter(a => a.counter === ameliaShortcodeData[ameliaShortcodeData.length - 1].counter).length === 0) {\n      ameliaShortcodeDataTriggered.push(ameliaShortcodeData.pop());\n    } else {\n      ameliaShortcodeData.pop()\n    }\n  }\n  if (typeof hasAmeliaEntitiesApiCall !== 'undefined' && hasAmeliaEntitiesApiCall) {\n    hasAmeliaEntitiesApiCall = false;\n  }\n<\/script>\n\n<div\n  id=\"amelia-v2-booking-1001\"\n  class=\"amelia-v2-booking amelia-skip-load amelia-skip-load-1001\"\n >\n    <dialog-forms><\/dialog-forms><\/div>\n\n<\/div>\n<\/div>\n<\/div>\n<\/div>\n","protected":false},"excerpt":{"rendered":"<p>\u041c\u044b \u0434\u0435\u0439\u0441\u0442\u0432\u0438\u0442\u0435\u043b\u044c\u043d\u043e \u043e\u043f\u0440\u0430\u0432\u0434\u044b\u0432\u0430\u0435\u043c \u043e\u0436\u0438\u0434\u0430\u043d\u0438\u044f \u041f\u0438\u043b\u0438\u043d\u0433 \u043b\u0438\u0446\u0430 \u0441 \u043c\u0438\u043d\u0435\u0440\u0430\u043b\u044c\u043d\u043e\u0439 \u043c\u0430\u0441\u043a\u043e\u0439 \u041f\u0440\u043e\u0446\u0435\u0434\u0443\u0440\u0430 \u043f\u0440\u0438\u0434\u0430\u0435\u0442 \u0441\u0438\u044f\u043d\u0438\u0435 \u0438\u0437\u043d\u0443\u0442\u0440\u0438, \u043e\u0434\u043d\u043e\u0432\u0440\u0435\u043c\u0435\u043d\u043d\u043e \u043e\u0447\u0438\u0449\u0430\u0435\u0442 \u043f\u043e\u0432\u0435\u0440\u0445\u043d\u043e\u0441\u0442\u044c \u0438 \u0434\u0435\u043b\u0430\u0435\u0442 \u043b\u0438\u0446\u043e \u044f\u0440\u0447\u0435. \u041f\u043e\u0434\u0445\u043e\u0434\u0438\u0442 \u0434\u043b\u044f \u0432\u0441\u0435\u0445 \u0442\u0438\u043f\u043e\u0432 \u043a\u043e\u0436\u0438. \u0412 \u043f\u0440\u043e\u0446\u0435\u0434\u0443\u0440\u0443 \u0442\u0430\u043a\u0436\u0435 \u0432\u0445\u043e\u0434\u0438\u0442 \u0425\u0438\u043c\u0438\u0447\u0435\u0441\u043a\u0438\u0439 \u043f\u0438\u043b\u0438\u043d\u0433 \u0411\u0438\u043e\u0444\u043e\u0440\u043c\u0443\u043b\u0430 \u00ab\u041f\u0438\u043b \u041c\u0438\u043a\u0441\u00bb (\u0441\u0430\u043b\u0438\u0446\u0438\u043b\u043e\u0432\u0430\u044f, \u043f\u0438\u0440\u043e\u0432\u0438\u043d\u043e\u0433\u0440\u0430\u0434\u043d\u0430\u044f \u0438 \u043c\u0438\u043d\u0434\u0430\u043b\u044c\u043d\u0430\u044f \u043a\u0438\u0441\u043b\u043e\u0442\u044b) \u0438 \u041c\u0418\u041d\u0415\u0420\u0410\u041b\u042c\u041d\u0410\u042f \u041c\u0410\u0421\u041a\u0410. \u041d\u0430\u0448\u0438 \u0443\u0441\u043b\u0443\u0433\u0438 \u0417\u0430\u043f\u0438\u0448\u0438\u0442\u0435\u0441\u044c \u043d\u0430 \u043d\u0443\u0436\u043d\u0443\u044e \u0432\u0430\u043c \u043f\u0440\u043e\u0446\u0435\u0434\u0443\u0440\u0443<\/p>\n","protected":false},"author":1,"featured_media":0,"parent":1055,"menu_order":0,"comment_status":"closed","ping_status":"closed","template":"wp-custom-template-without-title","meta":{"footnotes":""},"class_list":["post-1049","page","type-page","status-publish","hentry"],"yoast_head":"<!-- This site is optimized with the Yoast SEO plugin v27.5 - https:\/\/yoast.com\/product\/yoast-seo-wordpress\/ -->\n<title>Instant Glow - Oblakasalon<\/title>\n<meta name=\"robots\" content=\"index, follow, max-snippet:-1, max-image-preview:large, max-video-preview:-1\" \/>\n<link rel=\"canonical\" href=\"https:\/\/oblakasalon.lt\/ru\/kosmetologiya\/instant-glow\/\" \/>\n<meta property=\"og:locale\" content=\"ru_RU\" \/>\n<meta property=\"og:type\" content=\"article\" \/>\n<meta property=\"og:title\" content=\"Instant Glow - Oblakasalon\" \/>\n<meta property=\"og:description\" content=\"\u041c\u044b \u0434\u0435\u0439\u0441\u0442\u0432\u0438\u0442\u0435\u043b\u044c\u043d\u043e \u043e\u043f\u0440\u0430\u0432\u0434\u044b\u0432\u0430\u0435\u043c \u043e\u0436\u0438\u0434\u0430\u043d\u0438\u044f \u041f\u0438\u043b\u0438\u043d\u0433 \u043b\u0438\u0446\u0430 \u0441 \u043c\u0438\u043d\u0435\u0440\u0430\u043b\u044c\u043d\u043e\u0439 \u043c\u0430\u0441\u043a\u043e\u0439 \u041f\u0440\u043e\u0446\u0435\u0434\u0443\u0440\u0430 \u043f\u0440\u0438\u0434\u0430\u0435\u0442 \u0441\u0438\u044f\u043d\u0438\u0435 \u0438\u0437\u043d\u0443\u0442\u0440\u0438, \u043e\u0434\u043d\u043e\u0432\u0440\u0435\u043c\u0435\u043d\u043d\u043e \u043e\u0447\u0438\u0449\u0430\u0435\u0442 \u043f\u043e\u0432\u0435\u0440\u0445\u043d\u043e\u0441\u0442\u044c \u0438 \u0434\u0435\u043b\u0430\u0435\u0442 \u043b\u0438\u0446\u043e \u044f\u0440\u0447\u0435. \u041f\u043e\u0434\u0445\u043e\u0434\u0438\u0442 \u0434\u043b\u044f \u0432\u0441\u0435\u0445 \u0442\u0438\u043f\u043e\u0432 \u043a\u043e\u0436\u0438. \u0412 \u043f\u0440\u043e\u0446\u0435\u0434\u0443\u0440\u0443 \u0442\u0430\u043a\u0436\u0435 \u0432\u0445\u043e\u0434\u0438\u0442 \u0425\u0438\u043c\u0438\u0447\u0435\u0441\u043a\u0438\u0439 \u043f\u0438\u043b\u0438\u043d\u0433 \u0411\u0438\u043e\u0444\u043e\u0440\u043c\u0443\u043b\u0430 \u00ab\u041f\u0438\u043b \u041c\u0438\u043a\u0441\u00bb (\u0441\u0430\u043b\u0438\u0446\u0438\u043b\u043e\u0432\u0430\u044f, \u043f\u0438\u0440\u043e\u0432\u0438\u043d\u043e\u0433\u0440\u0430\u0434\u043d\u0430\u044f \u0438 \u043c\u0438\u043d\u0434\u0430\u043b\u044c\u043d\u0430\u044f \u043a\u0438\u0441\u043b\u043e\u0442\u044b) \u0438 \u041c\u0418\u041d\u0415\u0420\u0410\u041b\u042c\u041d\u0410\u042f \u041c\u0410\u0421\u041a\u0410. \u041d\u0430\u0448\u0438 \u0443\u0441\u043b\u0443\u0433\u0438 \u0417\u0430\u043f\u0438\u0448\u0438\u0442\u0435\u0441\u044c \u043d\u0430 \u043d\u0443\u0436\u043d\u0443\u044e \u0432\u0430\u043c \u043f\u0440\u043e\u0446\u0435\u0434\u0443\u0440\u0443\" \/>\n<meta property=\"og:url\" content=\"https:\/\/oblakasalon.lt\/ru\/kosmetologiya\/instant-glow\/\" \/>\n<meta property=\"og:site_name\" content=\"Oblakasalon\" \/>\n<meta property=\"article:modified_time\" content=\"2025-08-22T09:29:23+00:00\" \/>\n<meta property=\"og:image\" content=\"https:\/\/oblakasalon.lt\/wp-content\/uploads\/2024\/11\/instant-glow.jpg\" \/>\n\t<meta property=\"og:image:width\" content=\"700\" \/>\n\t<meta property=\"og:image:height\" content=\"700\" \/>\n\t<meta property=\"og:image:type\" content=\"image\/jpeg\" \/>\n<meta name=\"twitter:card\" content=\"summary_large_image\" \/>\n<!-- \/ Yoast SEO plugin. -->","yoast_head_json":{"title":"Instant Glow - Oblakasalon","robots":{"index":"index","follow":"follow","max-snippet":"max-snippet:-1","max-image-preview":"max-image-preview:large","max-video-preview":"max-video-preview:-1"},"canonical":"https:\/\/oblakasalon.lt\/ru\/kosmetologiya\/instant-glow\/","og_locale":"ru_RU","og_type":"article","og_title":"Instant Glow - Oblakasalon","og_description":"\u041c\u044b \u0434\u0435\u0439\u0441\u0442\u0432\u0438\u0442\u0435\u043b\u044c\u043d\u043e \u043e\u043f\u0440\u0430\u0432\u0434\u044b\u0432\u0430\u0435\u043c \u043e\u0436\u0438\u0434\u0430\u043d\u0438\u044f \u041f\u0438\u043b\u0438\u043d\u0433 \u043b\u0438\u0446\u0430 \u0441 \u043c\u0438\u043d\u0435\u0440\u0430\u043b\u044c\u043d\u043e\u0439 \u043c\u0430\u0441\u043a\u043e\u0439 \u041f\u0440\u043e\u0446\u0435\u0434\u0443\u0440\u0430 \u043f\u0440\u0438\u0434\u0430\u0435\u0442 \u0441\u0438\u044f\u043d\u0438\u0435 \u0438\u0437\u043d\u0443\u0442\u0440\u0438, \u043e\u0434\u043d\u043e\u0432\u0440\u0435\u043c\u0435\u043d\u043d\u043e \u043e\u0447\u0438\u0449\u0430\u0435\u0442 \u043f\u043e\u0432\u0435\u0440\u0445\u043d\u043e\u0441\u0442\u044c \u0438 \u0434\u0435\u043b\u0430\u0435\u0442 \u043b\u0438\u0446\u043e \u044f\u0440\u0447\u0435. \u041f\u043e\u0434\u0445\u043e\u0434\u0438\u0442 \u0434\u043b\u044f \u0432\u0441\u0435\u0445 \u0442\u0438\u043f\u043e\u0432 \u043a\u043e\u0436\u0438. \u0412 \u043f\u0440\u043e\u0446\u0435\u0434\u0443\u0440\u0443 \u0442\u0430\u043a\u0436\u0435 \u0432\u0445\u043e\u0434\u0438\u0442 \u0425\u0438\u043c\u0438\u0447\u0435\u0441\u043a\u0438\u0439 \u043f\u0438\u043b\u0438\u043d\u0433 \u0411\u0438\u043e\u0444\u043e\u0440\u043c\u0443\u043b\u0430 \u00ab\u041f\u0438\u043b \u041c\u0438\u043a\u0441\u00bb (\u0441\u0430\u043b\u0438\u0446\u0438\u043b\u043e\u0432\u0430\u044f, \u043f\u0438\u0440\u043e\u0432\u0438\u043d\u043e\u0433\u0440\u0430\u0434\u043d\u0430\u044f \u0438 \u043c\u0438\u043d\u0434\u0430\u043b\u044c\u043d\u0430\u044f \u043a\u0438\u0441\u043b\u043e\u0442\u044b) \u0438 \u041c\u0418\u041d\u0415\u0420\u0410\u041b\u042c\u041d\u0410\u042f \u041c\u0410\u0421\u041a\u0410. \u041d\u0430\u0448\u0438 \u0443\u0441\u043b\u0443\u0433\u0438 \u0417\u0430\u043f\u0438\u0448\u0438\u0442\u0435\u0441\u044c \u043d\u0430 \u043d\u0443\u0436\u043d\u0443\u044e \u0432\u0430\u043c \u043f\u0440\u043e\u0446\u0435\u0434\u0443\u0440\u0443","og_url":"https:\/\/oblakasalon.lt\/ru\/kosmetologiya\/instant-glow\/","og_site_name":"Oblakasalon","article_modified_time":"2025-08-22T09:29:23+00:00","og_image":[{"width":700,"height":700,"url":"https:\/\/oblakasalon.lt\/wp-content\/uploads\/2024\/11\/instant-glow.jpg","type":"image\/jpeg"}],"twitter_card":"summary_large_image","schema":{"@context":"https:\/\/schema.org","@graph":[{"@type":"WebPage","@id":"https:\/\/oblakasalon.lt\/ru\/kosmetologiya\/instant-glow\/","url":"https:\/\/oblakasalon.lt\/ru\/kosmetologiya\/instant-glow\/","name":"Instant Glow - Oblakasalon","isPartOf":{"@id":"https:\/\/oblakasalon.lt\/ru\/#website"},"primaryImageOfPage":{"@id":"https:\/\/oblakasalon.lt\/ru\/kosmetologiya\/instant-glow\/#primaryimage"},"image":{"@id":"https:\/\/oblakasalon.lt\/ru\/kosmetologiya\/instant-glow\/#primaryimage"},"thumbnailUrl":"https:\/\/oblakasalon.lt\/wp-content\/uploads\/2024\/11\/instant-glow.jpg","datePublished":"2024-11-12T12:43:25+00:00","dateModified":"2025-08-22T09:29:23+00:00","breadcrumb":{"@id":"https:\/\/oblakasalon.lt\/ru\/kosmetologiya\/instant-glow\/#breadcrumb"},"inLanguage":"ru-RU","potentialAction":[{"@type":"ReadAction","target":["https:\/\/oblakasalon.lt\/ru\/kosmetologiya\/instant-glow\/"]}]},{"@type":"ImageObject","inLanguage":"ru-RU","@id":"https:\/\/oblakasalon.lt\/ru\/kosmetologiya\/instant-glow\/#primaryimage","url":"https:\/\/oblakasalon.lt\/wp-content\/uploads\/2024\/11\/instant-glow.jpg","contentUrl":"https:\/\/oblakasalon.lt\/wp-content\/uploads\/2024\/11\/instant-glow.jpg"},{"@type":"BreadcrumbList","@id":"https:\/\/oblakasalon.lt\/ru\/kosmetologiya\/instant-glow\/#breadcrumb","itemListElement":[{"@type":"ListItem","position":1,"name":"Home","item":"https:\/\/oblakasalon.lt\/ru\/"},{"@type":"ListItem","position":2,"name":"\u041a\u043e\u0441\u043c\u0435\u0442\u043e\u043b\u043e\u0433\u0438\u044f","item":"https:\/\/oblakasalon.lt\/ru\/kosmetologiya\/"},{"@type":"ListItem","position":3,"name":"Instant Glow"}]},{"@type":"WebSite","@id":"https:\/\/oblakasalon.lt\/ru\/#website","url":"https:\/\/oblakasalon.lt\/ru\/","name":"LPG masa\u017eas Plauk\u0173 \u0161alinimas lazeriu Vilniuje u\u017e ger\u0105 kain\u0105","description":"LPG masa\u017eas Plauk\u0173 \u0161alinimas lazeriu Vilniuje u\u017e ger\u0105 kain\u0105","publisher":{"@id":"https:\/\/oblakasalon.lt\/ru\/#organization"},"potentialAction":[{"@type":"SearchAction","target":{"@type":"EntryPoint","urlTemplate":"https:\/\/oblakasalon.lt\/ru\/?s={search_term_string}"},"query-input":{"@type":"PropertyValueSpecification","valueRequired":true,"valueName":"search_term_string"}}],"inLanguage":"ru-RU"},{"@type":"Organization","@id":"https:\/\/oblakasalon.lt\/ru\/#organization","name":"Oblakasalon","url":"https:\/\/oblakasalon.lt\/ru\/","logo":{"@type":"ImageObject","inLanguage":"ru-RU","@id":"https:\/\/oblakasalon.lt\/ru\/#\/schema\/logo\/image\/","url":"https:\/\/oblakasalon.lt\/wp-content\/uploads\/2024\/10\/obaka_logo.svg","contentUrl":"https:\/\/oblakasalon.lt\/wp-content\/uploads\/2024\/10\/obaka_logo.svg","caption":"Oblakasalon"},"image":{"@id":"https:\/\/oblakasalon.lt\/ru\/#\/schema\/logo\/image\/"}}]}},"_links":{"self":[{"href":"https:\/\/oblakasalon.lt\/ru\/wp-json\/wp\/v2\/pages\/1049","targetHints":{"allow":["GET"]}}],"collection":[{"href":"https:\/\/oblakasalon.lt\/ru\/wp-json\/wp\/v2\/pages"}],"about":[{"href":"https:\/\/oblakasalon.lt\/ru\/wp-json\/wp\/v2\/types\/page"}],"author":[{"embeddable":true,"href":"https:\/\/oblakasalon.lt\/ru\/wp-json\/wp\/v2\/users\/1"}],"replies":[{"embeddable":true,"href":"https:\/\/oblakasalon.lt\/ru\/wp-json\/wp\/v2\/comments?post=1049"}],"version-history":[{"count":3,"href":"https:\/\/oblakasalon.lt\/ru\/wp-json\/wp\/v2\/pages\/1049\/revisions"}],"predecessor-version":[{"id":1494,"href":"https:\/\/oblakasalon.lt\/ru\/wp-json\/wp\/v2\/pages\/1049\/revisions\/1494"}],"up":[{"embeddable":true,"href":"https:\/\/oblakasalon.lt\/ru\/wp-json\/wp\/v2\/pages\/1055"}],"wp:attachment":[{"href":"https:\/\/oblakasalon.lt\/ru\/wp-json\/wp\/v2\/media?parent=1049"}],"curies":[{"name":"wp","href":"https:\/\/api.w.org\/{rel}","templated":true}]}}