{"id":1043,"date":"2025-02-17T10:22:23","date_gmt":"2025-02-17T08:22:23","guid":{"rendered":"https:\/\/oblakasalon.lt\/%d0%b8%d0%bd%d1%8a%d0%b5%d0%ba%d1%86%d0%b8%d0%b8-%d0%ba%d1%80%d0%b0%d1%81%d0%be%d1%82%d1%8b\/%d0%bc%d0%b5%d0%b7%d0%be%d1%82%d0%b5%d1%80%d0%b0%d0%bf%d0%b8%d1%8f\/"},"modified":"2025-08-22T12:09:50","modified_gmt":"2025-08-22T09:09:50","slug":"mezoterapiya","status":"publish","type":"page","link":"https:\/\/oblakasalon.lt\/ru\/inuekcii-krasoty\/mezoterapiya\/","title":{"rendered":"\u041c\u0435\u0437\u043e\u0442\u0435\u0440\u0430\u043f\u0438\u044f"},"content":{"rendered":"\n<div class=\"wp-block-group bg-gradient-primary has-global-padding is-layout-constrained wp-block-group-is-layout-constrained has-background\" style=\"padding-top:60px;padding-bottom:60px;background-image:url(&apos;https:\/\/oblakasalon.lt\/wp-content\/uploads\/2024\/10\/home-slider.png&apos;);background-position:50% 0;background-size:cover;\">\n<div class=\"wp-block-columns is-layout-flex wp-container-core-columns-is-layout-28f84493 wp-block-columns-is-layout-flex\">\n<div class=\"wp-block-column has-white-color has-text-color has-link-color wp-elements-9e96b542d7aa5a1592e10a679e94f4ee is-layout-flow wp-block-column-is-layout-flow\"><h1 class=\"has-link-color wp-elements-88f0857fdc8bad98dfdc5c16977574b2 wp-block-post-title has-text-color has-white-color\">\u041c\u0435\u0437\u043e\u0442\u0435\u0440\u0430\u043f\u0438\u044f<\/h1>\n\n\n<p style=\"font-size:30px;font-style:normal;font-weight:300\">\u041c\u044b \u0434\u0435\u0439\u0441\u0442\u0432\u0438\u0442\u0435\u043b\u044c\u043d\u043e \u043e\u043f\u0440\u0430\u0432\u0434\u044b\u0432\u0430\u0435\u043c \u043e\u0436\u0438\u0434\u0430\u043d\u0438\u044f<\/p>\n\n\n\n<div class=\"wp-block-buttons is-layout-flex wp-block-buttons-is-layout-flex\" style=\"margin-top:50px\">\n<div class=\"wp-block-button amelia-popup\"><a class=\"wp-block-button__link has-custom-primary-1-color has-white-background-color has-text-color has-background has-link-color wp-element-button\">\u0420\u0435\u0433\u0438\u0441\u0442\u0440\u0430\u0446\u0438\u044f<\/a><\/div>\n\n\n\n<div class=\"wp-block-button\"><a class=\"wp-block-button__link has-white-color has-custom-secondary-background-color has-text-color has-background has-link-color wp-element-button\" href=\"#&#x446;&#x435;&#x43D;&#x44B;\">\u0426\u0435\u043d\u044b<\/a><\/div>\n<\/div>\n<\/div>\n\n\n\n<div class=\"wp-block-column is-layout-flow wp-block-column-is-layout-flow\"><\/div>\n<\/div>\n<\/div>\n\n<div class=\"wp-block-group has-global-padding is-layout-constrained wp-container-core-group-is-layout-2413c7d2 wp-block-group-is-layout-constrained\" style=\"margin-bottom:60px;padding-right:var(--wp--preset--spacing--40);padding-left:var(--wp--preset--spacing--40)\">\n<div class=\"wp-block-group is-layout-flow wp-block-group-is-layout-flow\">\n<h2 class=\"wp-block-heading has-text-align-center\">\u041c\u0435\u0437\u043e\u0442\u0435\u0440\u0430\u043f\u0438\u044f \u0432 \u0412\u0438\u043b\u044c\u043d\u044e\u0441\u0435 \u043f\u043e \u0445\u043e\u0440\u043e\u0448\u0435\u0439 \u0446\u0435\u043d\u0435<\/h2>\n\n\n\n<p><strong>\u041c\u0435\u0437\u043e\u0442\u0435\u0440\u0430\u043f\u0438\u044f <\/strong> \u2013 \u043f\u0440\u043e\u0446\u0435\u0434\u0443\u0440\u0430, \u0432\u043e \u0432\u0440\u0435\u043c\u044f \u043a\u043e\u0442\u043e\u0440\u043e\u0439 \u0432 \u043a\u043e\u0436\u0443 \u0432\u0432\u043e\u0434\u044f\u0442\u0441\u044f \u043a\u043e\u0441\u043c\u0435\u0442\u0438\u0447\u0435\u0441\u043a\u0438\u0435 \u043a\u043e\u043a\u0442\u0435\u0439\u043b\u0438 \u0438\u0437 \u0432\u0438\u0442\u0430\u043c\u0438\u043d\u043e\u0432, \u0430\u043c\u0438\u043d\u043e\u043a\u0438\u0441\u043b\u043e\u0442 \u0438 \u0430\u043d\u0442\u0438\u043e\u043a\u0441\u0438\u0434\u0430\u043d\u0442\u043d\u044b\u0445 \u0441\u043c\u0435\u0441\u0435\u0439. \u041c\u0435\u0437\u043e\u0442\u0435\u0440\u0430\u043f\u0438\u044f \u043f\u043e\u043c\u043e\u0433\u0430\u0435\u0442 \u0443\u043b\u0443\u0447\u0448\u0438\u0442\u044c \u0441\u043e\u0441\u0442\u043e\u044f\u043d\u0438\u0435 \u043a\u043e\u0436\u0438, \u0441\u043f\u043e\u0441\u043e\u0431\u0441\u0442\u0432\u0443\u0435\u0442 \u0435\u0435 \u0440\u0435\u0433\u0435\u043d\u0435\u0440\u0430\u0446\u0438\u0438, \u0441\u043f\u043e\u0441\u043e\u0431\u0441\u0442\u0432\u0443\u0435\u0442 \u0443\u043c\u0435\u043d\u044c\u0448\u0435\u043d\u0438\u044e \u043f\u0438\u0433\u043c\u0435\u043d\u0442\u0430\u0446\u0438\u0438 \u0438 \u043f\u0440\u0438\u0434\u0430\u0435\u0442 \u043a\u043e\u0436\u0435 \u0436\u0438\u0437\u043d\u0435\u043d\u043d\u0443\u044e \u0441\u0438\u043b\u0443. <\/p>\n\n\n\n<p><strong>\u041c\u0435\u0437\u043e\u0442\u0435\u0440\u0430\u043f\u0438\u044f \u0430\u043f\u043f\u0430\u0440\u0430\u0442\u043e\u043c Dermapen \u043d\u043e\u0432\u043e\u0433\u043e \u043f\u043e\u043a\u043e\u043b\u0435\u043d\u0438\u044f<\/strong> \u2013 \u0438\u043d\u043d\u043e\u0432\u0430\u0446\u0438\u043e\u043d\u043d\u043e\u0435 \u0440\u0435\u0448\u0435\u043d\u0438\u0435 \u0440\u0430\u0437\u043b\u0438\u0447\u043d\u044b\u0445 \u043f\u0440\u043e\u0431\u043b\u0435\u043c \u043a\u043e\u0436\u0438. \u0412\u043e \u0432\u0440\u0435\u043c\u044f \u043f\u0440\u043e\u0446\u0435\u0434\u0443\u0440\u044b \u0438\u0441\u043f\u043e\u043b\u044c\u0437\u0443\u044e\u0442\u0441\u044f \u043a\u043e\u0441\u043c\u0435\u0442\u0438\u0447\u0435\u0441\u043a\u0438\u0435 \u043a\u043e\u043a\u0442\u0435\u0439\u043b\u0438 \u00ab\u0426\u0435\u0431\u0435\u043b\u0438\u044f\u00bb \u0441 \u043f\u0435\u043f\u0442\u0438\u0434\u0430\u043c\u0438 \u0438 \u0434\u0440\u0443\u0433\u0438\u043c\u0438 \u0430\u043a\u0442\u0438\u0432\u043d\u044b\u043c\u0438 \u0432\u0435\u0449\u0435\u0441\u0442\u0432\u0430\u043c\u0438, \u043a\u043e\u0442\u043e\u0440\u044b\u0435 \u0441\u043f\u043e\u0441\u043e\u0431\u0441\u0442\u0432\u0443\u044e\u0442 \u0440\u0435\u0433\u0435\u043d\u0435\u0440\u0430\u0446\u0438\u0438 \u043a\u043e\u0436\u0438, \u0443\u043b\u0443\u0447\u0448\u0430\u044e\u0442 \u044d\u043b\u0430\u0441\u0442\u0438\u0447\u043d\u043e\u0441\u0442\u044c, \u0447\u0438\u0441\u0442\u043e\u0442\u0443 \u0438 \u0432\u043d\u0435\u0448\u043d\u0438\u0439 \u0432\u0438\u0434 \u043a\u043e\u0436\u0438. <\/p>\n\n\n\n<p>\u041a\u0430\u043a\u0438\u0435 \u043f\u0440\u043e\u0431\u043b\u0435\u043c\u044b \u043a\u043e\u0436\u0438 \u043f\u043e\u043c\u043e\u0433\u0430\u0435\u0442 \u0440\u0435\u0448\u0438\u0442\u044c \u043c\u0435\u0437\u043e\u0442\u0435\u0440\u0430\u043f\u0438\u044f \u0414\u0435\u0440\u043c\u0430\u043f\u0435\u043d:<\/p>\n\n\n\n<ul style=\"margin-top:var(--wp--preset--spacing--40)\" class=\"wp-block-list\">\n<li>\ufe0f \u041c\u0435\u043b\u043a\u0438\u0435 \u043c\u043e\u0440\u0449\u0438\u043d\u044b, \u0441\u043d\u0438\u0436\u0435\u043d\u0438\u0435 \u044d\u043b\u0430\u0441\u0442\u0438\u0447\u043d\u043e\u0441\u0442\u0438, \u0443\u043f\u0440\u0443\u0433\u043e\u0441\u0442\u0438 \u043a\u043e\u0436\u0438.<\/li>\n\n\n\n<li>\ufe0f\u0420\u0430\u0441\u0448\u0438\u0440\u0435\u043d\u043d\u044b\u0435 \u043f\u043e\u0440\u044b<\/li>\n\n\n\n<li>\u0423\u0432\u043b\u0430\u0436\u043d\u0435\u043d\u0438\u0435 \u043a\u043e\u0436\u0438, \u043e\u0442\u0441\u0443\u0442\u0441\u0442\u0432\u0438\u0435 \u0441\u0438\u044f\u043d\u0438\u044f<\/li>\n\n\n\n<li>\ufe0f \u041d\u0435\u0440\u043e\u0432\u043d\u0430\u044f \u0442\u0435\u043a\u0441\u0442\u0443\u0440\u0430 \u043a\u043e\u0436\u0438.<\/li>\n\n\n\n<li>\u0428\u0440\u0430\u043c\u044b, \u043f\u044f\u0442\u043d\u0430 \u043f\u043e\u0441\u043b\u0435 \u043f\u0440\u044b\u0449\u0435\u0439<\/li>\n\n\n\n<li>\ufe0f \u041f\u0438\u0433\u043c\u0435\u043d\u0442\u0430\u0446\u0438\u044f<\/li>\n\n\n\n<li>\ufe0f \u0420\u043e\u0437\u043e\u0432\u044b\u0439<\/li>\n<\/ul>\n<\/div>\n<\/div>\n\n<div id=\"\u0446\u0435\u043d\u044b\" class=\"wp-block-group has-global-padding is-layout-constrained wp-container-core-group-is-layout-2413c7d2 wp-block-group-is-layout-constrained\" style=\"margin-bottom:60px;padding-right:var(--wp--preset--spacing--40);padding-left:var(--wp--preset--spacing--40)\">\n<h2 class=\"wp-block-heading has-text-align-center\">\u0426\u0435\u043d\u044b<\/h2>\n\n\n\n<p><em>\u041f\u0440\u043e\u0434\u043e\u043b\u0436\u0438\u0442\u0435\u043b\u044c\u043d\u043e\u0441\u0442\u044c \u043f\u0440\u043e\u0446\u0435\u0434\u0443\u0440\u044b 30 \u043c\u0438\u043d\u0443\u0442. <\/em><\/p>\n\n\n\n<figure class=\"wp-block-table is-style-stripes\"><table class=\"has-fixed-layout\"><tbody><tr><td>\u0418\u0433\u043e\u043b\u044c\u043d\u0430\u044f \u043c\u0435\u0437\u043e\u0442\u0435\u0440\u0430\u043f\u0438\u044f \u043f\u0440\u0438 \u0438\u0441\u0442\u043e\u043d\u0447\u0435\u043d\u0438\u0438 \u0438 \u043b\u043e\u043c\u043a\u043e\u0441\u0442\u0438 \u0432\u043e\u043b\u043e\u0441.<\/td><td class=\"has-text-align-right\" data-align=\"right\"><s>80\u20ac<\/s> <strong>55 \u20ac<\/strong><\/td><\/tr><tr><td>PRP \u0434\u043b\u044f \u0432\u043e\u043b\u043e\u0441<\/td><td class=\"has-text-align-right\" data-align=\"right\"><s>110\u20ac<\/s> <strong>70 \u20ac<\/strong><\/td><\/tr><tr><td>\u041c\u0438\u043a\u0440\u043e\u0438\u0433\u043e\u043b\u044c\u043d\u0430\u044f \u043c\u0435\u0437\u043e\u0442\u0435\u0440\u0430\u043f\u0438\u044f (\u043c\u0435\u0437\u043e-\u0440\u0443\u0447\u0435\u0447\u043d\u0430\u044f \u0442\u0435\u0440\u0430\u043f\u0438\u044f)<\/td><td class=\"has-text-align-right\" data-align=\"right\"><strong>50 \u20ac<\/strong><\/td><\/tr><\/tbody><\/table><\/figure>\n<\/div>\n\n<div class=\"wp-block-group is-layout-flow wp-block-group-is-layout-flow\" style=\"margin-bottom:var(--wp--preset--spacing--60)\">\n<div class=\"wp-block-group has-global-padding is-layout-constrained wp-block-group-is-layout-constrained\">\n<h2 class=\"wp-block-heading has-text-align-center\">\u0420\u0435\u0433\u0438\u0441\u0442\u0440\u0430\u0446\u0438\u044f<\/h2>\n\n\n\n<script>\n  if (typeof hasAmeliaEntitiesApiCall === 'undefined' && ('' === '' && '' !== '1')) {\n    var hasAmeliaEntitiesApiCall = true;\n  }\n  var ameliaShortcodeData = (typeof ameliaShortcodeData === 'undefined') ? [] : ameliaShortcodeData;\n  ameliaShortcodeData.push(\n    {\n      'hasApiCall': (typeof hasAmeliaEntitiesApiCall !== 'undefined') && hasAmeliaEntitiesApiCall,\n      'trigger': '',\n      'trigger_type': '',\n      'triggered_form': 'sbsNew',\n      'in_dialog': '',\n      'show': '',\n      'counter': '1000',\n      'category': '14',\n      'service': '',\n      'employee': '',\n      'location': '',\n      'package': '',\n      'layout': '',\n    }\n  );\n\n  var ameliaShortcodeDataTriggered = (typeof ameliaShortcodeDataTriggered === 'undefined') ? [] : ameliaShortcodeDataTriggered;\n  if (ameliaShortcodeData[ameliaShortcodeData.length - 1].trigger !== '') {\n    if (ameliaShortcodeDataTriggered.filter(a => a.counter === ameliaShortcodeData[ameliaShortcodeData.length - 1].counter).length === 0) {\n      ameliaShortcodeDataTriggered.push(ameliaShortcodeData.pop());\n    } else {\n      ameliaShortcodeData.pop()\n    }\n  }\n  if (typeof hasAmeliaEntitiesApiCall !== 'undefined' && hasAmeliaEntitiesApiCall) {\n    hasAmeliaEntitiesApiCall = false;\n  }\n<\/script>\n\n<div\n  id=\"amelia-v2-booking-1000\"\n  class=\"amelia-v2-booking\"\n >\n    <step-form-wrapper><\/step-form-wrapper><\/div>\n\n\n\n<script>\n  if (typeof hasAmeliaEntitiesApiCall === 'undefined' && ('amelia-popup' === '' && '1' !== '1')) {\n    var hasAmeliaEntitiesApiCall = true;\n  }\n  var ameliaShortcodeData = (typeof ameliaShortcodeData === 'undefined') ? [] : ameliaShortcodeData;\n  ameliaShortcodeData.push(\n    {\n      'hasApiCall': (typeof hasAmeliaEntitiesApiCall !== 'undefined') && hasAmeliaEntitiesApiCall,\n      'trigger': 'amelia-popup',\n      'trigger_type': 'class',\n      'triggered_form': 'sbsNew',\n      'in_dialog': '1',\n      'show': '',\n      'counter': '1001',\n      'category': '14',\n      'service': '',\n      'employee': '',\n      'location': '',\n      'package': '',\n      'layout': '',\n    }\n  );\n\n  var ameliaShortcodeDataTriggered = (typeof ameliaShortcodeDataTriggered === 'undefined') ? [] : ameliaShortcodeDataTriggered;\n  if (ameliaShortcodeData[ameliaShortcodeData.length - 1].trigger !== '') {\n    if (ameliaShortcodeDataTriggered.filter(a => a.counter === ameliaShortcodeData[ameliaShortcodeData.length - 1].counter).length === 0) {\n      ameliaShortcodeDataTriggered.push(ameliaShortcodeData.pop());\n    } else {\n      ameliaShortcodeData.pop()\n    }\n  }\n  if (typeof hasAmeliaEntitiesApiCall !== 'undefined' && hasAmeliaEntitiesApiCall) {\n    hasAmeliaEntitiesApiCall = false;\n  }\n<\/script>\n\n<div\n  id=\"amelia-v2-booking-1001\"\n  class=\"amelia-v2-booking amelia-skip-load amelia-skip-load-1001\"\n >\n    <dialog-forms><\/dialog-forms><\/div>\n\n<\/div>\n<\/div>\n","protected":false},"excerpt":{"rendered":"<p>\u041c\u044b \u0434\u0435\u0439\u0441\u0442\u0432\u0438\u0442\u0435\u043b\u044c\u043d\u043e \u043e\u043f\u0440\u0430\u0432\u0434\u044b\u0432\u0430\u0435\u043c \u043e\u0436\u0438\u0434\u0430\u043d\u0438\u044f \u041c\u0435\u0437\u043e\u0442\u0435\u0440\u0430\u043f\u0438\u044f \u0432 \u0412\u0438\u043b\u044c\u043d\u044e\u0441\u0435 \u043f\u043e \u0445\u043e\u0440\u043e\u0448\u0435\u0439 \u0446\u0435\u043d\u0435 \u041c\u0435\u0437\u043e\u0442\u0435\u0440\u0430\u043f\u0438\u044f \u2013 \u043f\u0440\u043e\u0446\u0435\u0434\u0443\u0440\u0430, \u0432\u043e \u0432\u0440\u0435\u043c\u044f \u043a\u043e\u0442\u043e\u0440\u043e\u0439 \u0432 \u043a\u043e\u0436\u0443 \u0432\u0432\u043e\u0434\u044f\u0442\u0441\u044f \u043a\u043e\u0441\u043c\u0435\u0442\u0438\u0447\u0435\u0441\u043a\u0438\u0435 \u043a\u043e\u043a\u0442\u0435\u0439\u043b\u0438 \u0438\u0437 \u0432\u0438\u0442\u0430\u043c\u0438\u043d\u043e\u0432, \u0430\u043c\u0438\u043d\u043e\u043a\u0438\u0441\u043b\u043e\u0442 \u0438 \u0430\u043d\u0442\u0438\u043e\u043a\u0441\u0438\u0434\u0430\u043d\u0442\u043d\u044b\u0445 \u0441\u043c\u0435\u0441\u0435\u0439. \u041c\u0435\u0437\u043e\u0442\u0435\u0440\u0430\u043f\u0438\u044f \u043f\u043e\u043c\u043e\u0433\u0430\u0435\u0442 \u0443\u043b\u0443\u0447\u0448\u0438\u0442\u044c \u0441\u043e\u0441\u0442\u043e\u044f\u043d\u0438\u0435 \u043a\u043e\u0436\u0438, \u0441\u043f\u043e\u0441\u043e\u0431\u0441\u0442\u0432\u0443\u0435\u0442 \u0435\u0435 \u0440\u0435\u0433\u0435\u043d\u0435\u0440\u0430\u0446\u0438\u0438, \u0441\u043f\u043e\u0441\u043e\u0431\u0441\u0442\u0432\u0443\u0435\u0442 \u0443\u043c\u0435\u043d\u044c\u0448\u0435\u043d\u0438\u044e \u043f\u0438\u0433\u043c\u0435\u043d\u0442\u0430\u0446\u0438\u0438 \u0438 \u043f\u0440\u0438\u0434\u0430\u0435\u0442 \u043a\u043e\u0436\u0435 \u0436\u0438\u0437\u043d\u0435\u043d\u043d\u0443\u044e \u0441\u0438\u043b\u0443. \u041c\u0435\u0437\u043e\u0442\u0435\u0440\u0430\u043f\u0438\u044f \u0430\u043f\u043f\u0430\u0440\u0430\u0442\u043e\u043c Dermapen \u043d\u043e\u0432\u043e\u0433\u043e \u043f\u043e\u043a\u043e\u043b\u0435\u043d\u0438\u044f \u2013 \u0438\u043d\u043d\u043e\u0432\u0430\u0446\u0438\u043e\u043d\u043d\u043e\u0435 \u0440\u0435\u0448\u0435\u043d\u0438\u0435 \u0440\u0430\u0437\u043b\u0438\u0447\u043d\u044b\u0445 \u043f\u0440\u043e\u0431\u043b\u0435\u043c \u043a\u043e\u0436\u0438. \u0412\u043e [&hellip;]<\/p>\n","protected":false},"author":1,"featured_media":0,"parent":1010,"menu_order":0,"comment_status":"closed","ping_status":"closed","template":"wp-custom-template-without-title","meta":{"footnotes":""},"class_list":["post-1043","page","type-page","status-publish","hentry"],"yoast_head":"<!-- This site is optimized with the Yoast SEO plugin v27.5 - https:\/\/yoast.com\/product\/yoast-seo-wordpress\/ -->\n<title>\u041c\u0435\u0437\u043e\u0442\u0435\u0440\u0430\u043f\u0438\u044f - Oblakasalon<\/title>\n<meta name=\"robots\" content=\"index, follow, max-snippet:-1, max-image-preview:large, max-video-preview:-1\" \/>\n<link rel=\"canonical\" href=\"https:\/\/oblakasalon.lt\/ru\/inuekcii-krasoty\/mezoterapiya\/\" \/>\n<meta property=\"og:locale\" content=\"ru_RU\" \/>\n<meta property=\"og:type\" content=\"article\" \/>\n<meta property=\"og:title\" content=\"\u041c\u0435\u0437\u043e\u0442\u0435\u0440\u0430\u043f\u0438\u044f - Oblakasalon\" \/>\n<meta property=\"og:description\" content=\"\u041c\u044b \u0434\u0435\u0439\u0441\u0442\u0432\u0438\u0442\u0435\u043b\u044c\u043d\u043e \u043e\u043f\u0440\u0430\u0432\u0434\u044b\u0432\u0430\u0435\u043c \u043e\u0436\u0438\u0434\u0430\u043d\u0438\u044f \u041c\u0435\u0437\u043e\u0442\u0435\u0440\u0430\u043f\u0438\u044f \u0432 \u0412\u0438\u043b\u044c\u043d\u044e\u0441\u0435 \u043f\u043e \u0445\u043e\u0440\u043e\u0448\u0435\u0439 \u0446\u0435\u043d\u0435 \u041c\u0435\u0437\u043e\u0442\u0435\u0440\u0430\u043f\u0438\u044f \u2013 \u043f\u0440\u043e\u0446\u0435\u0434\u0443\u0440\u0430, \u0432\u043e \u0432\u0440\u0435\u043c\u044f \u043a\u043e\u0442\u043e\u0440\u043e\u0439 \u0432 \u043a\u043e\u0436\u0443 \u0432\u0432\u043e\u0434\u044f\u0442\u0441\u044f \u043a\u043e\u0441\u043c\u0435\u0442\u0438\u0447\u0435\u0441\u043a\u0438\u0435 \u043a\u043e\u043a\u0442\u0435\u0439\u043b\u0438 \u0438\u0437 \u0432\u0438\u0442\u0430\u043c\u0438\u043d\u043e\u0432, \u0430\u043c\u0438\u043d\u043e\u043a\u0438\u0441\u043b\u043e\u0442 \u0438 \u0430\u043d\u0442\u0438\u043e\u043a\u0441\u0438\u0434\u0430\u043d\u0442\u043d\u044b\u0445 \u0441\u043c\u0435\u0441\u0435\u0439. \u041c\u0435\u0437\u043e\u0442\u0435\u0440\u0430\u043f\u0438\u044f \u043f\u043e\u043c\u043e\u0433\u0430\u0435\u0442 \u0443\u043b\u0443\u0447\u0448\u0438\u0442\u044c \u0441\u043e\u0441\u0442\u043e\u044f\u043d\u0438\u0435 \u043a\u043e\u0436\u0438, \u0441\u043f\u043e\u0441\u043e\u0431\u0441\u0442\u0432\u0443\u0435\u0442 \u0435\u0435 \u0440\u0435\u0433\u0435\u043d\u0435\u0440\u0430\u0446\u0438\u0438, \u0441\u043f\u043e\u0441\u043e\u0431\u0441\u0442\u0432\u0443\u0435\u0442 \u0443\u043c\u0435\u043d\u044c\u0448\u0435\u043d\u0438\u044e \u043f\u0438\u0433\u043c\u0435\u043d\u0442\u0430\u0446\u0438\u0438 \u0438 \u043f\u0440\u0438\u0434\u0430\u0435\u0442 \u043a\u043e\u0436\u0435 \u0436\u0438\u0437\u043d\u0435\u043d\u043d\u0443\u044e \u0441\u0438\u043b\u0443. \u041c\u0435\u0437\u043e\u0442\u0435\u0440\u0430\u043f\u0438\u044f \u0430\u043f\u043f\u0430\u0440\u0430\u0442\u043e\u043c Dermapen \u043d\u043e\u0432\u043e\u0433\u043e \u043f\u043e\u043a\u043e\u043b\u0435\u043d\u0438\u044f \u2013 \u0438\u043d\u043d\u043e\u0432\u0430\u0446\u0438\u043e\u043d\u043d\u043e\u0435 \u0440\u0435\u0448\u0435\u043d\u0438\u0435 \u0440\u0430\u0437\u043b\u0438\u0447\u043d\u044b\u0445 \u043f\u0440\u043e\u0431\u043b\u0435\u043c \u043a\u043e\u0436\u0438. \u0412\u043e [&hellip;]\" \/>\n<meta property=\"og:url\" content=\"https:\/\/oblakasalon.lt\/ru\/inuekcii-krasoty\/mezoterapiya\/\" \/>\n<meta property=\"og:site_name\" content=\"Oblakasalon\" \/>\n<meta property=\"article:modified_time\" content=\"2025-08-22T09:09:50+00:00\" \/>\n<meta name=\"twitter:card\" content=\"summary_large_image\" \/>\n<!-- \/ Yoast SEO plugin. -->","yoast_head_json":{"title":"\u041c\u0435\u0437\u043e\u0442\u0435\u0440\u0430\u043f\u0438\u044f - Oblakasalon","robots":{"index":"index","follow":"follow","max-snippet":"max-snippet:-1","max-image-preview":"max-image-preview:large","max-video-preview":"max-video-preview:-1"},"canonical":"https:\/\/oblakasalon.lt\/ru\/inuekcii-krasoty\/mezoterapiya\/","og_locale":"ru_RU","og_type":"article","og_title":"\u041c\u0435\u0437\u043e\u0442\u0435\u0440\u0430\u043f\u0438\u044f - Oblakasalon","og_description":"\u041c\u044b \u0434\u0435\u0439\u0441\u0442\u0432\u0438\u0442\u0435\u043b\u044c\u043d\u043e \u043e\u043f\u0440\u0430\u0432\u0434\u044b\u0432\u0430\u0435\u043c \u043e\u0436\u0438\u0434\u0430\u043d\u0438\u044f \u041c\u0435\u0437\u043e\u0442\u0435\u0440\u0430\u043f\u0438\u044f \u0432 \u0412\u0438\u043b\u044c\u043d\u044e\u0441\u0435 \u043f\u043e \u0445\u043e\u0440\u043e\u0448\u0435\u0439 \u0446\u0435\u043d\u0435 \u041c\u0435\u0437\u043e\u0442\u0435\u0440\u0430\u043f\u0438\u044f \u2013 \u043f\u0440\u043e\u0446\u0435\u0434\u0443\u0440\u0430, \u0432\u043e \u0432\u0440\u0435\u043c\u044f \u043a\u043e\u0442\u043e\u0440\u043e\u0439 \u0432 \u043a\u043e\u0436\u0443 \u0432\u0432\u043e\u0434\u044f\u0442\u0441\u044f \u043a\u043e\u0441\u043c\u0435\u0442\u0438\u0447\u0435\u0441\u043a\u0438\u0435 \u043a\u043e\u043a\u0442\u0435\u0439\u043b\u0438 \u0438\u0437 \u0432\u0438\u0442\u0430\u043c\u0438\u043d\u043e\u0432, \u0430\u043c\u0438\u043d\u043e\u043a\u0438\u0441\u043b\u043e\u0442 \u0438 \u0430\u043d\u0442\u0438\u043e\u043a\u0441\u0438\u0434\u0430\u043d\u0442\u043d\u044b\u0445 \u0441\u043c\u0435\u0441\u0435\u0439. \u041c\u0435\u0437\u043e\u0442\u0435\u0440\u0430\u043f\u0438\u044f \u043f\u043e\u043c\u043e\u0433\u0430\u0435\u0442 \u0443\u043b\u0443\u0447\u0448\u0438\u0442\u044c \u0441\u043e\u0441\u0442\u043e\u044f\u043d\u0438\u0435 \u043a\u043e\u0436\u0438, \u0441\u043f\u043e\u0441\u043e\u0431\u0441\u0442\u0432\u0443\u0435\u0442 \u0435\u0435 \u0440\u0435\u0433\u0435\u043d\u0435\u0440\u0430\u0446\u0438\u0438, \u0441\u043f\u043e\u0441\u043e\u0431\u0441\u0442\u0432\u0443\u0435\u0442 \u0443\u043c\u0435\u043d\u044c\u0448\u0435\u043d\u0438\u044e \u043f\u0438\u0433\u043c\u0435\u043d\u0442\u0430\u0446\u0438\u0438 \u0438 \u043f\u0440\u0438\u0434\u0430\u0435\u0442 \u043a\u043e\u0436\u0435 \u0436\u0438\u0437\u043d\u0435\u043d\u043d\u0443\u044e \u0441\u0438\u043b\u0443. \u041c\u0435\u0437\u043e\u0442\u0435\u0440\u0430\u043f\u0438\u044f \u0430\u043f\u043f\u0430\u0440\u0430\u0442\u043e\u043c Dermapen \u043d\u043e\u0432\u043e\u0433\u043e \u043f\u043e\u043a\u043e\u043b\u0435\u043d\u0438\u044f \u2013 \u0438\u043d\u043d\u043e\u0432\u0430\u0446\u0438\u043e\u043d\u043d\u043e\u0435 \u0440\u0435\u0448\u0435\u043d\u0438\u0435 \u0440\u0430\u0437\u043b\u0438\u0447\u043d\u044b\u0445 \u043f\u0440\u043e\u0431\u043b\u0435\u043c \u043a\u043e\u0436\u0438. \u0412\u043e [&hellip;]","og_url":"https:\/\/oblakasalon.lt\/ru\/inuekcii-krasoty\/mezoterapiya\/","og_site_name":"Oblakasalon","article_modified_time":"2025-08-22T09:09:50+00:00","twitter_card":"summary_large_image","schema":{"@context":"https:\/\/schema.org","@graph":[{"@type":"WebPage","@id":"https:\/\/oblakasalon.lt\/ru\/inuekcii-krasoty\/mezoterapiya\/","url":"https:\/\/oblakasalon.lt\/ru\/inuekcii-krasoty\/mezoterapiya\/","name":"\u041c\u0435\u0437\u043e\u0442\u0435\u0440\u0430\u043f\u0438\u044f - Oblakasalon","isPartOf":{"@id":"https:\/\/oblakasalon.lt\/ru\/#website"},"datePublished":"2025-02-17T08:22:23+00:00","dateModified":"2025-08-22T09:09:50+00:00","breadcrumb":{"@id":"https:\/\/oblakasalon.lt\/ru\/inuekcii-krasoty\/mezoterapiya\/#breadcrumb"},"inLanguage":"ru-RU","potentialAction":[{"@type":"ReadAction","target":["https:\/\/oblakasalon.lt\/ru\/inuekcii-krasoty\/mezoterapiya\/"]}]},{"@type":"BreadcrumbList","@id":"https:\/\/oblakasalon.lt\/ru\/inuekcii-krasoty\/mezoterapiya\/#breadcrumb","itemListElement":[{"@type":"ListItem","position":1,"name":"Home","item":"https:\/\/oblakasalon.lt\/ru\/"},{"@type":"ListItem","position":2,"name":"\u0418\u043d\u044a\u0435\u043a\u0446\u0438\u0438 \u043a\u0440\u0430\u0441\u043e\u0442\u044b","item":"https:\/\/oblakasalon.lt\/ru\/inuekcii-krasoty\/"},{"@type":"ListItem","position":3,"name":"\u041c\u0435\u0437\u043e\u0442\u0435\u0440\u0430\u043f\u0438\u044f"}]},{"@type":"WebSite","@id":"https:\/\/oblakasalon.lt\/ru\/#website","url":"https:\/\/oblakasalon.lt\/ru\/","name":"LPG masa\u017eas Plauk\u0173 \u0161alinimas lazeriu Vilniuje u\u017e ger\u0105 kain\u0105","description":"LPG masa\u017eas Plauk\u0173 \u0161alinimas lazeriu Vilniuje u\u017e ger\u0105 kain\u0105","publisher":{"@id":"https:\/\/oblakasalon.lt\/ru\/#organization"},"potentialAction":[{"@type":"SearchAction","target":{"@type":"EntryPoint","urlTemplate":"https:\/\/oblakasalon.lt\/ru\/?s={search_term_string}"},"query-input":{"@type":"PropertyValueSpecification","valueRequired":true,"valueName":"search_term_string"}}],"inLanguage":"ru-RU"},{"@type":"Organization","@id":"https:\/\/oblakasalon.lt\/ru\/#organization","name":"Oblakasalon","url":"https:\/\/oblakasalon.lt\/ru\/","logo":{"@type":"ImageObject","inLanguage":"ru-RU","@id":"https:\/\/oblakasalon.lt\/ru\/#\/schema\/logo\/image\/","url":"https:\/\/oblakasalon.lt\/wp-content\/uploads\/2024\/10\/obaka_logo.svg","contentUrl":"https:\/\/oblakasalon.lt\/wp-content\/uploads\/2024\/10\/obaka_logo.svg","caption":"Oblakasalon"},"image":{"@id":"https:\/\/oblakasalon.lt\/ru\/#\/schema\/logo\/image\/"}}]}},"_links":{"self":[{"href":"https:\/\/oblakasalon.lt\/ru\/wp-json\/wp\/v2\/pages\/1043","targetHints":{"allow":["GET"]}}],"collection":[{"href":"https:\/\/oblakasalon.lt\/ru\/wp-json\/wp\/v2\/pages"}],"about":[{"href":"https:\/\/oblakasalon.lt\/ru\/wp-json\/wp\/v2\/types\/page"}],"author":[{"embeddable":true,"href":"https:\/\/oblakasalon.lt\/ru\/wp-json\/wp\/v2\/users\/1"}],"replies":[{"embeddable":true,"href":"https:\/\/oblakasalon.lt\/ru\/wp-json\/wp\/v2\/comments?post=1043"}],"version-history":[{"count":3,"href":"https:\/\/oblakasalon.lt\/ru\/wp-json\/wp\/v2\/pages\/1043\/revisions"}],"predecessor-version":[{"id":1493,"href":"https:\/\/oblakasalon.lt\/ru\/wp-json\/wp\/v2\/pages\/1043\/revisions\/1493"}],"up":[{"embeddable":true,"href":"https:\/\/oblakasalon.lt\/ru\/wp-json\/wp\/v2\/pages\/1010"}],"wp:attachment":[{"href":"https:\/\/oblakasalon.lt\/ru\/wp-json\/wp\/v2\/media?parent=1043"}],"curies":[{"name":"wp","href":"https:\/\/api.w.org\/{rel}","templated":true}]}}