{"id":1037,"date":"2024-11-28T10:11:03","date_gmt":"2024-11-28T08:11:03","guid":{"rendered":"https:\/\/oblakasalon.lt\/%d0%bf%d0%be%d0%b4%d0%b0%d1%80%d0%be%d1%87%d0%bd%d1%8b%d0%b9-%d0%b2%d0%b0%d1%83%d1%87%d0%b5%d1%80\/"},"modified":"2025-08-20T10:54:38","modified_gmt":"2025-08-20T07:54:38","slug":"podarochnyj-vaucher","status":"publish","type":"page","link":"https:\/\/oblakasalon.lt\/ru\/podarochnyj-vaucher\/","title":{"rendered":"\u041f\u043e\u0434\u0430\u0440\u043e\u0447\u043d\u044b\u0439 \u0432\u0430\u0443\u0447\u0435\u0440"},"content":{"rendered":"\n<div class=\"wp-block-group has-global-padding is-layout-constrained wp-block-group-is-layout-constrained\" style=\"margin-bottom:var(--wp--preset--spacing--60)\">\n<div class=\"wp-block-columns is-layout-flex wp-container-core-columns-is-layout-28f84493 wp-block-columns-is-layout-flex\">\n<div class=\"wp-block-column is-vertically-aligned-center is-layout-flow wp-block-column-is-layout-flow\" style=\"flex-basis:50%\">\n<div class=\"wp-block-group has-global-padding is-layout-constrained wp-block-group-is-layout-constrained\">\n<h2 class=\"wp-block-heading\">\u0412\u044b \u043c\u043e\u0436\u0435\u0442\u0435 \u043f\u0440\u0438\u043e\u0431\u0440\u0435\u0441\u0442\u0438 \u043f\u043e\u0434\u0430\u0440\u043e\u0447\u043d\u044b\u0439 \u0441\u0435\u0440\u0442\u0438\u0444\u0438\u043a\u0430\u0442, \u043e\u0442 40 \u0435\u0432\u0440\u043e<\/h2>\n\n\n\n<p>\u041c\u044b \u0442\u0430\u043a\u0436\u0435 \u043e\u0442\u043f\u0440\u0430\u0432\u043b\u044f\u0435\u043c \u0432\u0430\u0443\u0447\u0435\u0440\u044b \u043f\u043e \u043f\u043e\u0447\u0442\u0435.  <\/p>\n\n\n\n<p>\u041d\u0430\u0448 \u0430\u0434\u0440\u0435\u0441 \u044d\u043b\u0435\u043a\u0442\u0440\u043e\u043d\u043d\u043e\u0439 \u043f\u043e\u0447\u0442\u044b: <a href=\"mailto:beautysalon.oblaka@gmail.com\" target=\"_blank\" rel=\"noreferrer noopener\">beautysalon.oblaka@gmail.com<\/a><\/p>\n\n\n\n<p>\u041d\u043e\u043c\u0435\u0440 \u0442\u0435\u043b\u0435\u0444\u043e\u043d\u0430: \u0442\u0435\u043b: <a href=\"tel:+37066377788\">+37066377788<\/a><\/p>\n<\/div>\n<\/div>\n\n\n\n<div class=\"wp-block-column is-layout-flow wp-block-column-is-layout-flow\" style=\"flex-basis:50%\">\n<figure class=\"wp-block-image size-full\"><img loading=\"lazy\" decoding=\"async\" width=\"1000\" height=\"1000\" src=\"https:\/\/oblakasalon.lt\/wp-content\/uploads\/2024\/11\/dovanu-kuponas-2.jpg\" alt=\"\" class=\"wp-image-780\" srcset=\"https:\/\/oblakasalon.lt\/wp-content\/uploads\/2024\/11\/dovanu-kuponas-2.jpg 1000w, https:\/\/oblakasalon.lt\/wp-content\/uploads\/2024\/11\/dovanu-kuponas-2-300x300.jpg 300w, https:\/\/oblakasalon.lt\/wp-content\/uploads\/2024\/11\/dovanu-kuponas-2-150x150.jpg 150w, https:\/\/oblakasalon.lt\/wp-content\/uploads\/2024\/11\/dovanu-kuponas-2-768x768.jpg 768w\" sizes=\"auto, (max-width: 1000px) 100vw, 1000px\" \/><\/figure>\n<\/div>\n<\/div>\n<\/div>\n","protected":false},"excerpt":{"rendered":"<p>\u0412\u044b \u043c\u043e\u0436\u0435\u0442\u0435 \u043f\u0440\u0438\u043e\u0431\u0440\u0435\u0441\u0442\u0438 \u043f\u043e\u0434\u0430\u0440\u043e\u0447\u043d\u044b\u0439 \u0441\u0435\u0440\u0442\u0438\u0444\u0438\u043a\u0430\u0442, \u043e\u0442 40 \u0435\u0432\u0440\u043e \u041c\u044b \u0442\u0430\u043a\u0436\u0435 \u043e\u0442\u043f\u0440\u0430\u0432\u043b\u044f\u0435\u043c \u0432\u0430\u0443\u0447\u0435\u0440\u044b \u043f\u043e \u043f\u043e\u0447\u0442\u0435. \u041d\u0430\u0448 \u0430\u0434\u0440\u0435\u0441 \u044d\u043b\u0435\u043a\u0442\u0440\u043e\u043d\u043d\u043e\u0439 \u043f\u043e\u0447\u0442\u044b: beautysalon.oblaka@gmail.com \u041d\u043e\u043c\u0435\u0440 \u0442\u0435\u043b\u0435\u0444\u043e\u043d\u0430: \u0442\u0435\u043b: +37066377788<\/p>\n","protected":false},"author":1,"featured_media":0,"parent":0,"menu_order":0,"comment_status":"closed","ping_status":"closed","template":"","meta":{"footnotes":""},"class_list":["post-1037","page","type-page","status-publish","hentry"],"yoast_head":"<!-- This site is optimized with the Yoast SEO plugin v27.5 - https:\/\/yoast.com\/product\/yoast-seo-wordpress\/ -->\n<title>\u041f\u043e\u0434\u0430\u0440\u043e\u0447\u043d\u044b\u0439 \u0432\u0430\u0443\u0447\u0435\u0440 - Oblakasalon<\/title>\n<meta name=\"robots\" content=\"index, follow, max-snippet:-1, max-image-preview:large, max-video-preview:-1\" \/>\n<link rel=\"canonical\" href=\"https:\/\/oblakasalon.lt\/ru\/podarochnyj-vaucher\/\" \/>\n<meta property=\"og:locale\" content=\"ru_RU\" \/>\n<meta property=\"og:type\" content=\"article\" \/>\n<meta property=\"og:title\" content=\"\u041f\u043e\u0434\u0430\u0440\u043e\u0447\u043d\u044b\u0439 \u0432\u0430\u0443\u0447\u0435\u0440 - Oblakasalon\" \/>\n<meta property=\"og:description\" content=\"\u0412\u044b \u043c\u043e\u0436\u0435\u0442\u0435 \u043f\u0440\u0438\u043e\u0431\u0440\u0435\u0441\u0442\u0438 \u043f\u043e\u0434\u0430\u0440\u043e\u0447\u043d\u044b\u0439 \u0441\u0435\u0440\u0442\u0438\u0444\u0438\u043a\u0430\u0442, \u043e\u0442 40 \u0435\u0432\u0440\u043e \u041c\u044b \u0442\u0430\u043a\u0436\u0435 \u043e\u0442\u043f\u0440\u0430\u0432\u043b\u044f\u0435\u043c \u0432\u0430\u0443\u0447\u0435\u0440\u044b \u043f\u043e \u043f\u043e\u0447\u0442\u0435. \u041d\u0430\u0448 \u0430\u0434\u0440\u0435\u0441 \u044d\u043b\u0435\u043a\u0442\u0440\u043e\u043d\u043d\u043e\u0439 \u043f\u043e\u0447\u0442\u044b: beautysalon.oblaka@gmail.com \u041d\u043e\u043c\u0435\u0440 \u0442\u0435\u043b\u0435\u0444\u043e\u043d\u0430: \u0442\u0435\u043b: +37066377788\" \/>\n<meta property=\"og:url\" content=\"https:\/\/oblakasalon.lt\/ru\/podarochnyj-vaucher\/\" \/>\n<meta property=\"og:site_name\" content=\"Oblakasalon\" \/>\n<meta property=\"article:modified_time\" content=\"2025-08-20T07:54:38+00:00\" \/>\n<meta property=\"og:image\" content=\"https:\/\/oblakasalon.lt\/wp-content\/uploads\/2024\/11\/dovanu-kuponas-2.jpg\" \/>\n\t<meta property=\"og:image:width\" content=\"1000\" \/>\n\t<meta property=\"og:image:height\" content=\"1000\" \/>\n\t<meta property=\"og:image:type\" content=\"image\/jpeg\" \/>\n<meta name=\"twitter:card\" content=\"summary_large_image\" \/>\n<!-- \/ Yoast SEO plugin. -->","yoast_head_json":{"title":"\u041f\u043e\u0434\u0430\u0440\u043e\u0447\u043d\u044b\u0439 \u0432\u0430\u0443\u0447\u0435\u0440 - Oblakasalon","robots":{"index":"index","follow":"follow","max-snippet":"max-snippet:-1","max-image-preview":"max-image-preview:large","max-video-preview":"max-video-preview:-1"},"canonical":"https:\/\/oblakasalon.lt\/ru\/podarochnyj-vaucher\/","og_locale":"ru_RU","og_type":"article","og_title":"\u041f\u043e\u0434\u0430\u0440\u043e\u0447\u043d\u044b\u0439 \u0432\u0430\u0443\u0447\u0435\u0440 - Oblakasalon","og_description":"\u0412\u044b \u043c\u043e\u0436\u0435\u0442\u0435 \u043f\u0440\u0438\u043e\u0431\u0440\u0435\u0441\u0442\u0438 \u043f\u043e\u0434\u0430\u0440\u043e\u0447\u043d\u044b\u0439 \u0441\u0435\u0440\u0442\u0438\u0444\u0438\u043a\u0430\u0442, \u043e\u0442 40 \u0435\u0432\u0440\u043e \u041c\u044b \u0442\u0430\u043a\u0436\u0435 \u043e\u0442\u043f\u0440\u0430\u0432\u043b\u044f\u0435\u043c \u0432\u0430\u0443\u0447\u0435\u0440\u044b \u043f\u043e \u043f\u043e\u0447\u0442\u0435. \u041d\u0430\u0448 \u0430\u0434\u0440\u0435\u0441 \u044d\u043b\u0435\u043a\u0442\u0440\u043e\u043d\u043d\u043e\u0439 \u043f\u043e\u0447\u0442\u044b: beautysalon.oblaka@gmail.com \u041d\u043e\u043c\u0435\u0440 \u0442\u0435\u043b\u0435\u0444\u043e\u043d\u0430: \u0442\u0435\u043b: +37066377788","og_url":"https:\/\/oblakasalon.lt\/ru\/podarochnyj-vaucher\/","og_site_name":"Oblakasalon","article_modified_time":"2025-08-20T07:54:38+00:00","og_image":[{"width":1000,"height":1000,"url":"https:\/\/oblakasalon.lt\/wp-content\/uploads\/2024\/11\/dovanu-kuponas-2.jpg","type":"image\/jpeg"}],"twitter_card":"summary_large_image","schema":{"@context":"https:\/\/schema.org","@graph":[{"@type":"WebPage","@id":"https:\/\/oblakasalon.lt\/ru\/podarochnyj-vaucher\/","url":"https:\/\/oblakasalon.lt\/ru\/podarochnyj-vaucher\/","name":"\u041f\u043e\u0434\u0430\u0440\u043e\u0447\u043d\u044b\u0439 \u0432\u0430\u0443\u0447\u0435\u0440 - Oblakasalon","isPartOf":{"@id":"https:\/\/oblakasalon.lt\/ru\/#website"},"primaryImageOfPage":{"@id":"https:\/\/oblakasalon.lt\/ru\/podarochnyj-vaucher\/#primaryimage"},"image":{"@id":"https:\/\/oblakasalon.lt\/ru\/podarochnyj-vaucher\/#primaryimage"},"thumbnailUrl":"https:\/\/oblakasalon.lt\/wp-content\/uploads\/2024\/11\/dovanu-kuponas-2.jpg","datePublished":"2024-11-28T08:11:03+00:00","dateModified":"2025-08-20T07:54:38+00:00","breadcrumb":{"@id":"https:\/\/oblakasalon.lt\/ru\/podarochnyj-vaucher\/#breadcrumb"},"inLanguage":"ru-RU","potentialAction":[{"@type":"ReadAction","target":["https:\/\/oblakasalon.lt\/ru\/podarochnyj-vaucher\/"]}]},{"@type":"ImageObject","inLanguage":"ru-RU","@id":"https:\/\/oblakasalon.lt\/ru\/podarochnyj-vaucher\/#primaryimage","url":"https:\/\/oblakasalon.lt\/wp-content\/uploads\/2024\/11\/dovanu-kuponas-2.jpg","contentUrl":"https:\/\/oblakasalon.lt\/wp-content\/uploads\/2024\/11\/dovanu-kuponas-2.jpg"},{"@type":"BreadcrumbList","@id":"https:\/\/oblakasalon.lt\/ru\/podarochnyj-vaucher\/#breadcrumb","itemListElement":[{"@type":"ListItem","position":1,"name":"Home","item":"https:\/\/oblakasalon.lt\/ru\/"},{"@type":"ListItem","position":2,"name":"\u041f\u043e\u0434\u0430\u0440\u043e\u0447\u043d\u044b\u0439 \u0432\u0430\u0443\u0447\u0435\u0440"}]},{"@type":"WebSite","@id":"https:\/\/oblakasalon.lt\/ru\/#website","url":"https:\/\/oblakasalon.lt\/ru\/","name":"LPG masa\u017eas Plauk\u0173 \u0161alinimas lazeriu Vilniuje u\u017e ger\u0105 kain\u0105","description":"LPG masa\u017eas Plauk\u0173 \u0161alinimas lazeriu Vilniuje u\u017e ger\u0105 kain\u0105","publisher":{"@id":"https:\/\/oblakasalon.lt\/ru\/#organization"},"potentialAction":[{"@type":"SearchAction","target":{"@type":"EntryPoint","urlTemplate":"https:\/\/oblakasalon.lt\/ru\/?s={search_term_string}"},"query-input":{"@type":"PropertyValueSpecification","valueRequired":true,"valueName":"search_term_string"}}],"inLanguage":"ru-RU"},{"@type":"Organization","@id":"https:\/\/oblakasalon.lt\/ru\/#organization","name":"Oblakasalon","url":"https:\/\/oblakasalon.lt\/ru\/","logo":{"@type":"ImageObject","inLanguage":"ru-RU","@id":"https:\/\/oblakasalon.lt\/ru\/#\/schema\/logo\/image\/","url":"https:\/\/oblakasalon.lt\/wp-content\/uploads\/2024\/10\/obaka_logo.svg","contentUrl":"https:\/\/oblakasalon.lt\/wp-content\/uploads\/2024\/10\/obaka_logo.svg","caption":"Oblakasalon"},"image":{"@id":"https:\/\/oblakasalon.lt\/ru\/#\/schema\/logo\/image\/"}}]}},"_links":{"self":[{"href":"https:\/\/oblakasalon.lt\/ru\/wp-json\/wp\/v2\/pages\/1037","targetHints":{"allow":["GET"]}}],"collection":[{"href":"https:\/\/oblakasalon.lt\/ru\/wp-json\/wp\/v2\/pages"}],"about":[{"href":"https:\/\/oblakasalon.lt\/ru\/wp-json\/wp\/v2\/types\/page"}],"author":[{"embeddable":true,"href":"https:\/\/oblakasalon.lt\/ru\/wp-json\/wp\/v2\/users\/1"}],"replies":[{"embeddable":true,"href":"https:\/\/oblakasalon.lt\/ru\/wp-json\/wp\/v2\/comments?post=1037"}],"version-history":[{"count":1,"href":"https:\/\/oblakasalon.lt\/ru\/wp-json\/wp\/v2\/pages\/1037\/revisions"}],"predecessor-version":[{"id":1038,"href":"https:\/\/oblakasalon.lt\/ru\/wp-json\/wp\/v2\/pages\/1037\/revisions\/1038"}],"wp:attachment":[{"href":"https:\/\/oblakasalon.lt\/ru\/wp-json\/wp\/v2\/media?parent=1037"}],"curies":[{"name":"wp","href":"https:\/\/api.w.org\/{rel}","templated":true}]}}