{"id":1005,"date":"2024-10-16T11:57:31","date_gmt":"2024-10-16T08:57:31","guid":{"rendered":"https:\/\/oblakasalon.lt\/%d1%81%d0%b2%d1%8f%d0%b7%d0%b0%d1%82%d1%8c%d1%81%d1%8f-%d1%81\/"},"modified":"2026-01-08T13:45:27","modified_gmt":"2026-01-08T11:45:27","slug":"svyazatsya-s","status":"publish","type":"page","link":"https:\/\/oblakasalon.lt\/ru\/svyazatsya-s\/","title":{"rendered":"\u0421\u0432\u044f\u0437\u0430\u0442\u044c\u0441\u044f \u0441"},"content":{"rendered":"\n<div class=\"wp-block-group alignwide has-white-background-color has-background has-global-padding is-layout-constrained wp-container-core-group-is-layout-2ab8686c wp-block-group-is-layout-constrained\" style=\"padding-right:0;padding-left:0\">\n<div class=\"wp-block-group alignwide is-layout-flow wp-block-group-is-layout-flow\">\n<div class=\"wp-block-columns is-layout-flex wp-container-core-columns-is-layout-28f84493 wp-block-columns-is-layout-flex\">\n<div class=\"wp-block-column is-layout-flow wp-container-core-column-is-layout-675148ad wp-block-column-is-layout-flow\">\n<h2 class=\"wp-block-heading\" style=\"margin-bottom:60px;font-size:30px\">\u042d\u0441\u0442\u0435\u0442\u0438\u0447\u0435\u0441\u043a\u0438\u0439 \u0446\u0435\u043d\u0442\u0440 &#171;\u041e\u0431\u043b\u0430\u043a\u0430<\/h2>\n\n\n\n<p>J. Jasinskio st. 16B 16B, LT-03163, \u0412\u0438\u043b\u044c\u043d\u044e\u0441 <\/p>\n\n\n\n<ul class=\"wp-block-social-links has-icon-color is-style-logos-only is-layout-flex wp-container-core-social-links-is-layout-b400932d wp-block-social-links-is-layout-flex\" style=\"margin-top:25px\"><li style=\"color:#000000;\" class=\"wp-social-link wp-social-link-facebook has-black-color wp-block-social-link\"><a rel=\"noopener nofollow\" target=\"_blank\" href=\"https:\/\/www.facebook.com\/oblakasalon\" class=\"wp-block-social-link-anchor\"><svg width=\"24\" height=\"24\" viewBox=\"0 0 24 24\" version=\"1.1\" xmlns=\"http:\/\/www.w3.org\/2000\/svg\" aria-hidden=\"true\" focusable=\"false\"><path d=\"M12 2C6.5 2 2 6.5 2 12c0 5 3.7 9.1 8.4 9.9v-7H7.9V12h2.5V9.8c0-2.5 1.5-3.9 3.8-3.9 1.1 0 2.2.2 2.2.2v2.5h-1.3c-1.2 0-1.6.8-1.6 1.6V12h2.8l-.4 2.9h-2.3v7C18.3 21.1 22 17 22 12c0-5.5-4.5-10-10-10z\"><\/path><\/svg><span class=\"wp-block-social-link-label screen-reader-text\">Facebook<\/span><\/a><\/li>\n\n<li style=\"color:#000000;\" class=\"wp-social-link wp-social-link-instagram has-black-color wp-block-social-link\"><a rel=\"noopener nofollow\" target=\"_blank\" href=\"https:\/\/www.instagram.com\/estetikoscentras_oblaka\/\" class=\"wp-block-social-link-anchor\"><svg width=\"24\" height=\"24\" viewBox=\"0 0 24 24\" version=\"1.1\" xmlns=\"http:\/\/www.w3.org\/2000\/svg\" aria-hidden=\"true\" focusable=\"false\"><path d=\"M12,4.622c2.403,0,2.688,0.009,3.637,0.052c0.877,0.04,1.354,0.187,1.671,0.31c0.42,0.163,0.72,0.358,1.035,0.673 c0.315,0.315,0.51,0.615,0.673,1.035c0.123,0.317,0.27,0.794,0.31,1.671c0.043,0.949,0.052,1.234,0.052,3.637 s-0.009,2.688-0.052,3.637c-0.04,0.877-0.187,1.354-0.31,1.671c-0.163,0.42-0.358,0.72-0.673,1.035 c-0.315,0.315-0.615,0.51-1.035,0.673c-0.317,0.123-0.794,0.27-1.671,0.31c-0.949,0.043-1.233,0.052-3.637,0.052 s-2.688-0.009-3.637-0.052c-0.877-0.04-1.354-0.187-1.671-0.31c-0.42-0.163-0.72-0.358-1.035-0.673 c-0.315-0.315-0.51-0.615-0.673-1.035c-0.123-0.317-0.27-0.794-0.31-1.671C4.631,14.688,4.622,14.403,4.622,12 s0.009-2.688,0.052-3.637c0.04-0.877,0.187-1.354,0.31-1.671c0.163-0.42,0.358-0.72,0.673-1.035 c0.315-0.315,0.615-0.51,1.035-0.673c0.317-0.123,0.794-0.27,1.671-0.31C9.312,4.631,9.597,4.622,12,4.622 M12,3 C9.556,3,9.249,3.01,8.289,3.054C7.331,3.098,6.677,3.25,6.105,3.472C5.513,3.702,5.011,4.01,4.511,4.511 c-0.5,0.5-0.808,1.002-1.038,1.594C3.25,6.677,3.098,7.331,3.054,8.289C3.01,9.249,3,9.556,3,12c0,2.444,0.01,2.751,0.054,3.711 c0.044,0.958,0.196,1.612,0.418,2.185c0.23,0.592,0.538,1.094,1.038,1.594c0.5,0.5,1.002,0.808,1.594,1.038 c0.572,0.222,1.227,0.375,2.185,0.418C9.249,20.99,9.556,21,12,21s2.751-0.01,3.711-0.054c0.958-0.044,1.612-0.196,2.185-0.418 c0.592-0.23,1.094-0.538,1.594-1.038c0.5-0.5,0.808-1.002,1.038-1.594c0.222-0.572,0.375-1.227,0.418-2.185 C20.99,14.751,21,14.444,21,12s-0.01-2.751-0.054-3.711c-0.044-0.958-0.196-1.612-0.418-2.185c-0.23-0.592-0.538-1.094-1.038-1.594 c-0.5-0.5-1.002-0.808-1.594-1.038c-0.572-0.222-1.227-0.375-2.185-0.418C14.751,3.01,14.444,3,12,3L12,3z M12,7.378 c-2.552,0-4.622,2.069-4.622,4.622S9.448,16.622,12,16.622s4.622-2.069,4.622-4.622S14.552,7.378,12,7.378z M12,15 c-1.657,0-3-1.343-3-3s1.343-3,3-3s3,1.343,3,3S13.657,15,12,15z M16.804,6.116c-0.596,0-1.08,0.484-1.08,1.08 s0.484,1.08,1.08,1.08c0.596,0,1.08-0.484,1.08-1.08S17.401,6.116,16.804,6.116z\"><\/path><\/svg><span class=\"wp-block-social-link-label screen-reader-text\">Instagram<\/span><\/a><\/li>\n\n<li style=\"color:#000000;\" class=\"wp-social-link wp-social-link-whatsapp has-black-color wp-block-social-link\"><a rel=\"noopener nofollow\" target=\"_blank\" href=\"tel:+37066377788\" class=\"wp-block-social-link-anchor\"><svg width=\"24\" height=\"24\" viewBox=\"0 0 24 24\" version=\"1.1\" xmlns=\"http:\/\/www.w3.org\/2000\/svg\" aria-hidden=\"true\" focusable=\"false\"><path d=\"M 12.011719 2 C 6.5057187 2 2.0234844 6.478375 2.0214844 11.984375 C 2.0204844 13.744375 2.4814687 15.462563 3.3554688 16.976562 L 2 22 L 7.2324219 20.763672 C 8.6914219 21.559672 10.333859 21.977516 12.005859 21.978516 L 12.009766 21.978516 C 17.514766 21.978516 21.995047 17.499141 21.998047 11.994141 C 22.000047 9.3251406 20.962172 6.8157344 19.076172 4.9277344 C 17.190172 3.0407344 14.683719 2.001 12.011719 2 z M 12.009766 4 C 14.145766 4.001 16.153109 4.8337969 17.662109 6.3417969 C 19.171109 7.8517969 20.000047 9.8581875 19.998047 11.992188 C 19.996047 16.396187 16.413812 19.978516 12.007812 19.978516 C 10.674812 19.977516 9.3544062 19.642812 8.1914062 19.007812 L 7.5175781 18.640625 L 6.7734375 18.816406 L 4.8046875 19.28125 L 5.2851562 17.496094 L 5.5019531 16.695312 L 5.0878906 15.976562 C 4.3898906 14.768562 4.0204844 13.387375 4.0214844 11.984375 C 4.0234844 7.582375 7.6067656 4 12.009766 4 z M 8.4765625 7.375 C 8.3095625 7.375 8.0395469 7.4375 7.8105469 7.6875 C 7.5815469 7.9365 6.9355469 8.5395781 6.9355469 9.7675781 C 6.9355469 10.995578 7.8300781 12.182609 7.9550781 12.349609 C 8.0790781 12.515609 9.68175 15.115234 12.21875 16.115234 C 14.32675 16.946234 14.754891 16.782234 15.212891 16.740234 C 15.670891 16.699234 16.690438 16.137687 16.898438 15.554688 C 17.106437 14.971687 17.106922 14.470187 17.044922 14.367188 C 16.982922 14.263188 16.816406 14.201172 16.566406 14.076172 C 16.317406 13.951172 15.090328 13.348625 14.861328 13.265625 C 14.632328 13.182625 14.464828 13.140625 14.298828 13.390625 C 14.132828 13.640625 13.655766 14.201187 13.509766 14.367188 C 13.363766 14.534188 13.21875 14.556641 12.96875 14.431641 C 12.71875 14.305641 11.914938 14.041406 10.960938 13.191406 C 10.218937 12.530406 9.7182656 11.714844 9.5722656 11.464844 C 9.4272656 11.215844 9.5585938 11.079078 9.6835938 10.955078 C 9.7955938 10.843078 9.9316406 10.663578 10.056641 10.517578 C 10.180641 10.371578 10.223641 10.267562 10.306641 10.101562 C 10.389641 9.9355625 10.347156 9.7890625 10.285156 9.6640625 C 10.223156 9.5390625 9.737625 8.3065 9.515625 7.8125 C 9.328625 7.3975 9.131125 7.3878594 8.953125 7.3808594 C 8.808125 7.3748594 8.6425625 7.375 8.4765625 7.375 z\"><\/path><\/svg><span class=\"wp-block-social-link-label screen-reader-text\">WhatsApp<\/span><\/a><\/li>\n\n<li style=\"color:#000000;\" class=\"wp-social-link wp-social-link-tiktok has-black-color wp-block-social-link\"><a rel=\"noopener nofollow\" target=\"_blank\" href=\"https:\/\/www.tiktok.com\/@estetikoscentrasoblaka\" class=\"wp-block-social-link-anchor\"><svg width=\"24\" height=\"24\" viewBox=\"0 0 32 32\" version=\"1.1\" xmlns=\"http:\/\/www.w3.org\/2000\/svg\" aria-hidden=\"true\" focusable=\"false\"><path d=\"M16.708 0.027c1.745-0.027 3.48-0.011 5.213-0.027 0.105 2.041 0.839 4.12 2.333 5.563 1.491 1.479 3.6 2.156 5.652 2.385v5.369c-1.923-0.063-3.855-0.463-5.6-1.291-0.76-0.344-1.468-0.787-2.161-1.24-0.009 3.896 0.016 7.787-0.025 11.667-0.104 1.864-0.719 3.719-1.803 5.255-1.744 2.557-4.771 4.224-7.88 4.276-1.907 0.109-3.812-0.411-5.437-1.369-2.693-1.588-4.588-4.495-4.864-7.615-0.032-0.667-0.043-1.333-0.016-1.984 0.24-2.537 1.495-4.964 3.443-6.615 2.208-1.923 5.301-2.839 8.197-2.297 0.027 1.975-0.052 3.948-0.052 5.923-1.323-0.428-2.869-0.308-4.025 0.495-0.844 0.547-1.485 1.385-1.819 2.333-0.276 0.676-0.197 1.427-0.181 2.145 0.317 2.188 2.421 4.027 4.667 3.828 1.489-0.016 2.916-0.88 3.692-2.145 0.251-0.443 0.532-0.896 0.547-1.417 0.131-2.385 0.079-4.76 0.095-7.145 0.011-5.375-0.016-10.735 0.025-16.093z\" \/><\/svg><span class=\"wp-block-social-link-label screen-reader-text\">TikTok<\/span><\/a><\/li><\/ul>\n<\/div>\n\n\n\n<div class=\"wp-block-column is-layout-flow wp-container-core-column-is-layout-675148ad wp-block-column-is-layout-flow\">\n<h2 class=\"wp-block-heading\" style=\"margin-bottom:60px;font-size:30px\">\u0427\u0430\u0441\u044b \u0440\u0430\u0431\u043e\u0442\u044b<\/h2>\n\n\n\n<p>\u041f\u043e\u043d\u0435\u0434\u0435\u043b\u044c\u043d\u0438\u043a &#8212; \u043f\u044f\u0442\u043d\u0438\u0446\u0430 9:00 &#8212; 21:00<\/p>\n\n\n\n<p>\u0421\u0443\u0431\u0431\u043e\u0442\u0430 10:00 &#8212; 21:00<\/p>\n\n\n\n<p>\u0412\u043e\u0441\u043a\u0440\u0435\u0441\u0435\u043d\u044c\u0435 11:00 &#8212; 18:00<\/p>\n<\/div>\n\n\n\n<div class=\"wp-block-column is-layout-flow wp-container-core-column-is-layout-675148ad wp-block-column-is-layout-flow\">\n<h2 class=\"wp-block-heading\" style=\"margin-bottom:60px;font-size:30px\">\u0421\u0432\u044f\u0437\u0430\u0442\u044c\u0441\u044f \u0441<\/h2>\n\n\n\n<p>\u0422\u0435\u043b\u0435\u0444\u043e\u043d: <a href=\"tel:+37066377788\">+37066377788<\/a><\/p>\n\n\n\n<p>El. pa\u0161tas: <a href=\"mailto:beautysalon.oblaka@gmail.com\">beautysalon.oblaka@gmail.com<\/a> <\/p>\n<\/div>\n<\/div>\n<\/div>\n\n\n\n<div class=\"wp-block-group is-layout-flow wp-block-group-is-layout-flow\" style=\"margin-top:60px\">\n<iframe src=\"https:\/\/www.google.com\/maps\/embed?pb=!1m14!1m8!1m3!1d288.29102797370984!2d25.25954359739516!3d54.68625154516302!3m2!1i1024!2i768!4f13.1!3m3!1m2!1s0x46dd940a4105caa5%3A0x552da22654df07ab!2sJ.%20Jasinskio%20g.%2016B%2C%20Vilnius%2C%2003163%20Vilniaus%20m.%20sav.!5e0!3m2!1slt!2slt!4v1767872419914!5m2!1slt!2slt\" width=\"100%\" height=\"330\" style=\"border:0; border-radius: 8px;\" allowfullscreen=\"\" loading=\"lazy\" referrerpolicy=\"no-referrer-when-downgrade\"><\/iframe>\n<\/div>\n\n\n\n<div class=\"wp-block-group is-layout-flow wp-block-group-is-layout-flow\" style=\"margin-top:60px\">\n<div class=\"wp-block-columns is-layout-flex wp-container-core-columns-is-layout-28f84493 wp-block-columns-is-layout-flex\">\n<div class=\"wp-block-column is-layout-flow wp-block-column-is-layout-flow\" style=\"flex-basis:40%\">\n<h2 class=\"wp-block-heading\" style=\"font-size:30px\">\u041d\u0430\u043f\u0438\u0448\u0438\u0442\u0435 \u043d\u0430\u043c \u0441\u0442\u0440\u043e\u0447\u043a\u0443<\/h2>\n\n\n\n<div class=\"wp-block-contact-form-7-contact-form-selector\">\n<div class=\"wpcf7 no-js\" id=\"wpcf7-f1099-o1\" lang=\"ru-RU\" dir=\"ltr\" data-wpcf7-id=\"1099\">\n<div class=\"screen-reader-response\"><p role=\"status\" aria-live=\"polite\" aria-atomic=\"true\"><\/p> <ul><\/ul><\/div>\n<form action=\"\/ru\/wp-json\/wp\/v2\/pages\/1005#wpcf7-f1099-o1\" method=\"post\" class=\"wpcf7-form init\" aria-label=\"\u041a\u043e\u043d\u0442\u0430\u043a\u0442\u043d\u0430\u044f \u0444\u043e\u0440\u043c\u0430\" novalidate=\"novalidate\" data-status=\"init\">\n<fieldset class=\"hidden-fields-container\"><input type=\"hidden\" name=\"_wpcf7\" value=\"1099\" \/><input type=\"hidden\" name=\"_wpcf7_version\" value=\"6.1.5\" \/><input type=\"hidden\" name=\"_wpcf7_locale\" value=\"ru_RU\" \/><input type=\"hidden\" name=\"_wpcf7_unit_tag\" value=\"wpcf7-f1099-o1\" \/><input type=\"hidden\" name=\"_wpcf7_container_post\" value=\"0\" \/><input type=\"hidden\" name=\"_wpcf7_posted_data_hash\" value=\"\" \/>\n<\/fieldset>\n<p><span class=\"wpcf7-form-control-wrap\" data-name=\"vardas\"><input size=\"40\" maxlength=\"400\" class=\"wpcf7-form-control wpcf7-text wpcf7-validates-as-required\" aria-required=\"true\" aria-invalid=\"false\" placeholder=\"\u0412\u0430\u0448\u0435 \u0438\u043c\u044f\" value=\"\" type=\"text\" name=\"vardas\" \/><\/span><br \/>\n<span class=\"wpcf7-form-control-wrap\" data-name=\"pastas\"><input size=\"40\" maxlength=\"400\" class=\"wpcf7-form-control wpcf7-email wpcf7-validates-as-required wpcf7-text wpcf7-validates-as-email\" aria-required=\"true\" aria-invalid=\"false\" placeholder=\"\u0412\u0430\u0448 \u0430\u0434\u0440\u0435\u0441 \u044d\u043b\u0435\u043a\u0442\u0440\u043e\u043d\u043d\u043e\u0439 \u043f\u043e\u0447\u0442\u044b\" value=\"\" type=\"email\" name=\"pastas\" \/><\/span><br \/>\n<span class=\"wpcf7-form-control-wrap\" data-name=\"pranesimas\"><textarea cols=\"40\" rows=\"5\" maxlength=\"2000\" class=\"wpcf7-form-control wpcf7-textarea wpcf7-validates-as-required\" aria-required=\"true\" aria-invalid=\"false\" placeholder=\"\u0412\u0430\u0448\u0435 \u0441\u043e\u043e\u0431\u0449\u0435\u043d\u0438\u0435\" name=\"pranesimas\"><\/textarea><\/span>\n<\/p>\n<p><input class=\"wpcf7-form-control wpcf7-submit has-spinner\" type=\"submit\" value=\"\u041e\u0442\u043f\u0440\u0430\u0432\u043b\u044f\u0442\u044c\" \/>\n<\/p><div class=\"wpcf7-response-output\" aria-hidden=\"true\"><\/div>\n<\/form>\n<\/div>\n<\/div>\n<\/div>\n\n\n\n<div class=\"wp-block-column is-layout-flow wp-block-column-is-layout-flow\">\n<h2 class=\"wp-block-heading\" style=\"font-size:30px\">\u041f\u0440\u0438\u0445\u043e\u0434\u0438\u0442\u0435 \u0438 \u043f\u043e\u0441\u043c\u043e\u0442\u0440\u0438\u0442\u0435<\/h2>\n\n\n\n<figure class=\"wp-block-image size-full is-resized has-custom-border\"><img loading=\"lazy\" decoding=\"async\" width=\"1480\" height=\"656\" src=\"https:\/\/oblakasalon.lt\/wp-content\/uploads\/2026\/01\/oblakasalon-vieta2.jpg\" alt=\"\" class=\"wp-image-1876\" style=\"border-radius:8px;aspect-ratio:16\/9;object-fit:cover;width:680px\" srcset=\"https:\/\/oblakasalon.lt\/wp-content\/uploads\/2026\/01\/oblakasalon-vieta2.jpg 1480w, https:\/\/oblakasalon.lt\/wp-content\/uploads\/2026\/01\/oblakasalon-vieta2-300x133.jpg 300w, https:\/\/oblakasalon.lt\/wp-content\/uploads\/2026\/01\/oblakasalon-vieta2-1024x454.jpg 1024w, https:\/\/oblakasalon.lt\/wp-content\/uploads\/2026\/01\/oblakasalon-vieta2-768x340.jpg 768w\" sizes=\"auto, (max-width: 1480px) 100vw, 1480px\" \/><\/figure>\n<\/div>\n<\/div>\n<\/div>\n<\/div>\n","protected":false},"excerpt":{"rendered":"<p>\u042d\u0441\u0442\u0435\u0442\u0438\u0447\u0435\u0441\u043a\u0438\u0439 \u0446\u0435\u043d\u0442\u0440 &#171;\u041e\u0431\u043b\u0430\u043a\u0430 J. Jasinskio st. 16B 16B, LT-03163, \u0412\u0438\u043b\u044c\u043d\u044e\u0441 \u0427\u0430\u0441\u044b \u0440\u0430\u0431\u043e\u0442\u044b \u041f\u043e\u043d\u0435\u0434\u0435\u043b\u044c\u043d\u0438\u043a &#8212; \u043f\u044f\u0442\u043d\u0438\u0446\u0430 9:00 &#8212; 21:00 \u0421\u0443\u0431\u0431\u043e\u0442\u0430 10:00 &#8212; 21:00 \u0412\u043e\u0441\u043a\u0440\u0435\u0441\u0435\u043d\u044c\u0435 11:00 &#8212; 18:00 \u0421\u0432\u044f\u0437\u0430\u0442\u044c\u0441\u044f \u0441 \u0422\u0435\u043b\u0435\u0444\u043e\u043d: +37066377788 El. pa\u0161tas: beautysalon.oblaka@gmail.com \u041d\u0430\u043f\u0438\u0448\u0438\u0442\u0435 \u043d\u0430\u043c \u0441\u0442\u0440\u043e\u0447\u043a\u0443 \u041f\u0440\u0438\u0445\u043e\u0434\u0438\u0442\u0435 \u0438 \u043f\u043e\u0441\u043c\u043e\u0442\u0440\u0438\u0442\u0435<\/p>\n","protected":false},"author":1,"featured_media":0,"parent":0,"menu_order":0,"comment_status":"closed","ping_status":"closed","template":"","meta":{"footnotes":""},"class_list":["post-1005","page","type-page","status-publish","hentry"],"yoast_head":"<!-- This site is optimized with the Yoast SEO plugin v27.5 - https:\/\/yoast.com\/product\/yoast-seo-wordpress\/ -->\n<title>\u0421\u0432\u044f\u0437\u0430\u0442\u044c\u0441\u044f \u0441 - Oblakasalon Oblakasalon \u0421\u0432\u044f\u0437\u0430\u0442\u044c\u0441\u044f \u0441<\/title>\n<meta name=\"description\" content=\"Oblakasalon kontaktai,Oblaka Estetikos Centras Vilnius,Jasinskio g. 16B, Vilnius, LT-03163,+37066377788,beautysalon.oblaka@gmail.com\" \/>\n<meta name=\"robots\" content=\"index, follow, max-snippet:-1, max-image-preview:large, max-video-preview:-1\" \/>\n<link rel=\"canonical\" href=\"https:\/\/oblakasalon.lt\/ru\/svyazatsya-s\/\" \/>\n<meta property=\"og:locale\" content=\"ru_RU\" \/>\n<meta property=\"og:type\" content=\"article\" \/>\n<meta property=\"og:title\" content=\"\u0421\u0432\u044f\u0437\u0430\u0442\u044c\u0441\u044f \u0441 - Oblakasalon Oblakasalon \u0421\u0432\u044f\u0437\u0430\u0442\u044c\u0441\u044f \u0441\" \/>\n<meta property=\"og:description\" content=\"Oblakasalon kontaktai,Oblaka Estetikos Centras Vilnius,Jasinskio g. 16B, Vilnius, LT-03163,+37066377788,beautysalon.oblaka@gmail.com\" \/>\n<meta property=\"og:url\" content=\"https:\/\/oblakasalon.lt\/ru\/svyazatsya-s\/\" \/>\n<meta property=\"og:site_name\" content=\"Oblakasalon\" \/>\n<meta property=\"article:modified_time\" content=\"2026-01-08T11:45:27+00:00\" \/>\n<meta property=\"og:image\" content=\"https:\/\/oblakasalon.lt\/wp-content\/uploads\/2026\/01\/oblakasalon-vieta2.jpg\" \/>\n\t<meta property=\"og:image:width\" content=\"1480\" \/>\n\t<meta property=\"og:image:height\" content=\"656\" \/>\n\t<meta property=\"og:image:type\" content=\"image\/jpeg\" \/>\n<meta name=\"twitter:card\" content=\"summary_large_image\" \/>\n<meta name=\"twitter:label1\" content=\"\u041f\u0440\u0438\u043c\u0435\u0440\u043d\u043e\u0435 \u0432\u0440\u0435\u043c\u044f \u0434\u043b\u044f \u0447\u0442\u0435\u043d\u0438\u044f\" \/>\n\t<meta name=\"twitter:data1\" content=\"1 \u043c\u0438\u043d\u0443\u0442\u0430\" \/>\n<!-- \/ Yoast SEO plugin. -->","yoast_head_json":{"title":"\u0421\u0432\u044f\u0437\u0430\u0442\u044c\u0441\u044f \u0441 - Oblakasalon Oblakasalon \u0421\u0432\u044f\u0437\u0430\u0442\u044c\u0441\u044f \u0441","description":"Oblakasalon kontaktai,Oblaka Estetikos Centras Vilnius,Jasinskio g. 16B, Vilnius, LT-03163,+37066377788,beautysalon.oblaka@gmail.com","robots":{"index":"index","follow":"follow","max-snippet":"max-snippet:-1","max-image-preview":"max-image-preview:large","max-video-preview":"max-video-preview:-1"},"canonical":"https:\/\/oblakasalon.lt\/ru\/svyazatsya-s\/","og_locale":"ru_RU","og_type":"article","og_title":"\u0421\u0432\u044f\u0437\u0430\u0442\u044c\u0441\u044f \u0441 - Oblakasalon Oblakasalon \u0421\u0432\u044f\u0437\u0430\u0442\u044c\u0441\u044f \u0441","og_description":"Oblakasalon kontaktai,Oblaka Estetikos Centras Vilnius,Jasinskio g. 16B, Vilnius, LT-03163,+37066377788,beautysalon.oblaka@gmail.com","og_url":"https:\/\/oblakasalon.lt\/ru\/svyazatsya-s\/","og_site_name":"Oblakasalon","article_modified_time":"2026-01-08T11:45:27+00:00","og_image":[{"width":1480,"height":656,"url":"https:\/\/oblakasalon.lt\/wp-content\/uploads\/2026\/01\/oblakasalon-vieta2.jpg","type":"image\/jpeg"}],"twitter_card":"summary_large_image","twitter_misc":{"\u041f\u0440\u0438\u043c\u0435\u0440\u043d\u043e\u0435 \u0432\u0440\u0435\u043c\u044f \u0434\u043b\u044f \u0447\u0442\u0435\u043d\u0438\u044f":"1 \u043c\u0438\u043d\u0443\u0442\u0430"},"schema":{"@context":"https:\/\/schema.org","@graph":[{"@type":"WebPage","@id":"https:\/\/oblakasalon.lt\/ru\/svyazatsya-s\/","url":"https:\/\/oblakasalon.lt\/ru\/svyazatsya-s\/","name":"\u0421\u0432\u044f\u0437\u0430\u0442\u044c\u0441\u044f \u0441 - Oblakasalon Oblakasalon \u0421\u0432\u044f\u0437\u0430\u0442\u044c\u0441\u044f \u0441","isPartOf":{"@id":"https:\/\/oblakasalon.lt\/ru\/#website"},"primaryImageOfPage":{"@id":"https:\/\/oblakasalon.lt\/ru\/svyazatsya-s\/#primaryimage"},"image":{"@id":"https:\/\/oblakasalon.lt\/ru\/svyazatsya-s\/#primaryimage"},"thumbnailUrl":"https:\/\/oblakasalon.lt\/wp-content\/uploads\/2026\/01\/oblakasalon-vieta2.jpg","datePublished":"2024-10-16T08:57:31+00:00","dateModified":"2026-01-08T11:45:27+00:00","description":"Oblakasalon kontaktai,Oblaka Estetikos Centras Vilnius,Jasinskio g. 16B, Vilnius, LT-03163,+37066377788,beautysalon.oblaka@gmail.com","breadcrumb":{"@id":"https:\/\/oblakasalon.lt\/ru\/svyazatsya-s\/#breadcrumb"},"inLanguage":"ru-RU","potentialAction":[{"@type":"ReadAction","target":["https:\/\/oblakasalon.lt\/ru\/svyazatsya-s\/"]}]},{"@type":"ImageObject","inLanguage":"ru-RU","@id":"https:\/\/oblakasalon.lt\/ru\/svyazatsya-s\/#primaryimage","url":"https:\/\/oblakasalon.lt\/wp-content\/uploads\/2026\/01\/oblakasalon-vieta2.jpg","contentUrl":"https:\/\/oblakasalon.lt\/wp-content\/uploads\/2026\/01\/oblakasalon-vieta2.jpg"},{"@type":"BreadcrumbList","@id":"https:\/\/oblakasalon.lt\/ru\/svyazatsya-s\/#breadcrumb","itemListElement":[{"@type":"ListItem","position":1,"name":"Home","item":"https:\/\/oblakasalon.lt\/ru\/"},{"@type":"ListItem","position":2,"name":"\u0421\u0432\u044f\u0437\u0430\u0442\u044c\u0441\u044f \u0441"}]},{"@type":"WebSite","@id":"https:\/\/oblakasalon.lt\/ru\/#website","url":"https:\/\/oblakasalon.lt\/ru\/","name":"LPG masa\u017eas Plauk\u0173 \u0161alinimas lazeriu Vilniuje u\u017e ger\u0105 kain\u0105","description":"LPG masa\u017eas Plauk\u0173 \u0161alinimas lazeriu Vilniuje u\u017e ger\u0105 kain\u0105","publisher":{"@id":"https:\/\/oblakasalon.lt\/ru\/#organization"},"potentialAction":[{"@type":"SearchAction","target":{"@type":"EntryPoint","urlTemplate":"https:\/\/oblakasalon.lt\/ru\/?s={search_term_string}"},"query-input":{"@type":"PropertyValueSpecification","valueRequired":true,"valueName":"search_term_string"}}],"inLanguage":"ru-RU"},{"@type":"Organization","@id":"https:\/\/oblakasalon.lt\/ru\/#organization","name":"Oblakasalon","url":"https:\/\/oblakasalon.lt\/ru\/","logo":{"@type":"ImageObject","inLanguage":"ru-RU","@id":"https:\/\/oblakasalon.lt\/ru\/#\/schema\/logo\/image\/","url":"https:\/\/oblakasalon.lt\/wp-content\/uploads\/2024\/10\/obaka_logo.svg","contentUrl":"https:\/\/oblakasalon.lt\/wp-content\/uploads\/2024\/10\/obaka_logo.svg","caption":"Oblakasalon"},"image":{"@id":"https:\/\/oblakasalon.lt\/ru\/#\/schema\/logo\/image\/"}}]}},"_links":{"self":[{"href":"https:\/\/oblakasalon.lt\/ru\/wp-json\/wp\/v2\/pages\/1005","targetHints":{"allow":["GET"]}}],"collection":[{"href":"https:\/\/oblakasalon.lt\/ru\/wp-json\/wp\/v2\/pages"}],"about":[{"href":"https:\/\/oblakasalon.lt\/ru\/wp-json\/wp\/v2\/types\/page"}],"author":[{"embeddable":true,"href":"https:\/\/oblakasalon.lt\/ru\/wp-json\/wp\/v2\/users\/1"}],"replies":[{"embeddable":true,"href":"https:\/\/oblakasalon.lt\/ru\/wp-json\/wp\/v2\/comments?post=1005"}],"version-history":[{"count":5,"href":"https:\/\/oblakasalon.lt\/ru\/wp-json\/wp\/v2\/pages\/1005\/revisions"}],"predecessor-version":[{"id":1879,"href":"https:\/\/oblakasalon.lt\/ru\/wp-json\/wp\/v2\/pages\/1005\/revisions\/1879"}],"wp:attachment":[{"href":"https:\/\/oblakasalon.lt\/ru\/wp-json\/wp\/v2\/media?parent=1005"}],"curies":[{"name":"wp","href":"https:\/\/api.w.org\/{rel}","templated":true}]}}